{"id":390,"date":"2024-01-27T13:54:43","date_gmt":"2024-01-27T12:54:43","guid":{"rendered":"https:\/\/www.waltio.com\/be-fr\/?page_id=390"},"modified":"2026-04-13T15:10:59","modified_gmt":"2026-04-13T13:10:59","slug":"profil-investisseur-crypto-2","status":"publish","type":"page","link":"https:\/\/www.waltio.com\/be-fr\/profil-investisseur-crypto-2\/","title":{"rendered":"Votre profil d&rsquo;investisseur crypto en Belgique"},"content":{"rendered":"\n<h2 class=\"wp-block-heading\" id=\"h-repondez-a-ces-quelques-questions-et-decouvrez-votre-taux-d-imposition-et-votre-profil-d-investisseur-crypto-en-belgique-bon-pere-de-famille-speculateur-ou-professionnel\">R\u00e9pondez \u00e0 ces quelques questions et d\u00e9couvrez votre taux d&rsquo;imposition et votre profil d&rsquo;investisseur crypto en Belgique : bon-p\u00e8re de famille, sp\u00e9culateur ou professionnel !<\/h2>\n\n\n\n<iframe src=\"\/\/widgets.waltio.com\/widgets\/forms\/crypto-investor-profile\/crypto-investor-profile-be-fr\/index.html\" width=\"100%\" height=\"800px\"><\/iframe>\n\n\n\n<p><style type=\"text\/css\"> \/> }&amp;amp;amp;amp;lt;br \/> <\/style> <a href=\"https:\/\/waltio.app.link\/waltio-smart-redirection\"><br><img decoding=\"async\" sizes=\"(max-width: 2230px) 100vw, 2230px\" srcset=\"https:\/\/www.waltio.com\/be-fr\/wp-content\/uploads\/sites\/5\/2024\/01\/CTA-numero-2-2.png 2230w, https:\/\/www.waltio.com\/be-fr\/wp-content\/uploads\/sites\/5\/2024\/01\/CTA-numero-2-2-300x27.png 300w, https:\/\/www.waltio.com\/be-fr\/wp-content\/uploads\/sites\/5\/2024\/01\/CTA-numero-2-2-1024x94.png 1024w, https:\/\/www.waltio.com\/be-fr\/wp-content\/uploads\/sites\/5\/2024\/01\/CTA-numero-2-2-768x70.png 768w, https:\/\/www.waltio.com\/be-fr\/wp-content\/uploads\/sites\/5\/2024\/01\/CTA-numero-2-2-1536x141.png 1536w, https:\/\/www.waltio.com\/be-fr\/wp-content\/uploads\/sites\/5\/2024\/01\/CTA-numero-2-2-2048x187.png 2048w\" width=\"2230\" height=\"204\" src=\"https:\/\/www.waltio.com\/be-fr\/wp-content\/uploads\/sites\/5\/2024\/01\/CTA-numero-2-2.png\" alt=\"\"> <br><\/a><\/p>\n\n\n\n<h3 class=\"wp-block-heading\" id=\"h-comment-sont-taxees-les-cryptos-en-belgique\" id=\"comment-sont-taxees-les-cryptos-en-belgique\">Comment sont tax\u00e9es les cryptos en Belgique ?<\/h3>\n\n\n\n<h3 class=\"wp-block-heading\" id=\"h-a-quoi-sert-de-connaitre-son-profil-d-investissement-crypto-en-belgique\" id=\"a-quoi-sert-de-connaitre-son-profil-dinvestissement-crypto-en-belgique\"><br><a tabindex=\"0\">A quoi sert de conna\u00eetre son profil d\u2019investissement crypto en Belgique ? <\/a><\/h3>\n\n\n\n<p>Cela est n\u00e9cessaire pour conna\u00eetre votre taux d\u2019imposition crypto en Belgique. <br>La l\u00e9gislation fiscale belge sur les crypto-monnaies n\u00e9cessite de r\u00e9pondre \u00e0 diff\u00e9rentes questions afin de pouvoir traiter vos cessions imposables avec le bon taux d\u2019imposition.&nbsp; Les r\u00e9ponses au questionnaire d\u00e9terminent votre niveau de risque sur vos diff\u00e9rentes op\u00e9rations en crypto-monnaie&nbsp; ce qui va d\u00e9finir votre taux d\u2019imposition applicable et les modalit\u00e9s de votre d\u00e9claration fiscale crypto sur le site de l\u2019administration belge.<\/p>\n\n\n\n<h3 class=\"wp-block-heading\" id=\"h-quelle-fiscalite-crypto-pour-le-profil-bon-pere-de-famille-en-belgique\" id=\"quelle-fiscalite-crypto-pour-le-profil-bon-pere-de-famille-en-belgique\"><a tabindex=\"0\">Quelle fiscalit\u00e9 crypto pour le profil bon p\u00e8re de famille en Belgique ? <\/a><\/h3>\n\n\n\n<p>Le bon p\u00e8re de famille sera consid\u00e9r\u00e9 comme non imposable sur les plus-values r\u00e9alis\u00e9es en crypto-monnaies. L\u2019achat-vente de crypto ne n\u00e9cessite donc aucune d\u00e9claration fiscale. En revanche, bien que la fiscalit\u00e9 crypto belge ne soit pas tr\u00e8s claire, d\u2019autres op\u00e9rations sont soumises \u00e0 l\u2019imp\u00f4t sur les crypto, m\u00eame pour le bon p\u00e8re de famille. C\u2019est le cas des revenus de staking, de farming et des revenus passif crypto en g\u00e9n\u00e9ral qui sont des revenus r\u00e9currents et qui doivent faire l\u2019objet d\u2019une d\u00e9claration fiscale sp\u00e9cifique dans la cat\u00e9gorie des revenus mobiliers. Le taux applicable aux op\u00e9rations de staking de crypto serait donc de 30% sur la valeur marchande du d\u00e9p\u00f4t re\u00e7u de crypto \u00e0 la date de ce dernier.<\/p>\n\n\n\n<h3 class=\"wp-block-heading\" id=\"h-quelle-fiscalite-crypto-pour-le-profil-speculateur-en-belgique\" id=\"quelle-fiscalite-crypto-pour-le-profil-speculateur-en-belgique\"><a tabindex=\"0\">Quelle fiscalit\u00e9 crypto pour le profil sp\u00e9culateur en Belgique ? <\/a><\/h3>\n\n\n\n<p>Le sp\u00e9culateur en crypto-monnaie sera soumis \u00e0 l\u2019imp\u00f4t sur ses gains en crypto, les plus-values r\u00e9alis\u00e9es sur les \u00e9changes de crypto contre une monnaie ayant cours l\u00e9gal (euros, dollars..) et\/ou sur l\u2019achat de biens ou services seront tax\u00e9s au taux de 33% dans la cat\u00e9gorie des revenus divers.<\/p>\n\n\n\n<p>Une d\u00e9claration fiscale sera donc n\u00e9cessaire pour les plus-values r\u00e9alis\u00e9es sur l\u2019achat vente en plus des gains r\u00e9currents li\u00e9s au staking et au farming de crypto-monnaie qui concerne tous les profils d\u2019investissement.<\/p>\n\n\n\n<h3 class=\"wp-block-heading\" id=\"h-quel-impot-crypto-pour-le-profil-professionnel-en-belgique\" id=\"quel-impot-crypto-pour-le-profil-professionnel-en-belgique\"><a tabindex=\"0\">Quel imp\u00f4t crypto pour le profil professionnel en Belgique ? <\/a><\/h3>\n\n\n\n<p>Les traders professionnels en crypto-monnaie seront impos\u00e9s sur ses gains en crypto au taux progressif de l\u2019imp\u00f4t sur les revenus professionnels fix\u00e9s entre 25 et 50% dans la cat\u00e9gorie des b\u00e9n\u00e9fices d\u2019entreprises industrielles, commerciales ou agricoles.&nbsp;<\/p>\n\n\n\n<p>Ce profil d\u2019investissement concerne les entreprises, les traders et mineurs de crypto-monnaies qui sont organis\u00e9s et qui font de la sp\u00e9culation sur les crypto-actifs, leurs activit\u00e9s principales ainsi que leurs principales sources de revenus.<\/p>\n\n\n\n<h3 class=\"wp-block-heading\" id=\"h-faut-il-declarer-ses-comptes-crypto-en-belgique\" id=\"faut-il-declarer-ses-comptes-crypto-en-belgique\"><a tabindex=\"0\">Faut-il d\u00e9clarer ses comptes crypto en Belgique ? <\/a><\/h3>\n\n\n\n<p>La l\u00e9gislation fiscale en crypto-monnaie reste floue et les avis divergent sur ce sujet. Plusieurs interpr\u00e9tations et une r\u00e9ponse parlementaire nous font penser que ceci n\u2019est pas obligatoire. Par mesure de prudence, vous pouvez n\u00e9anmoins d\u00e9cider de contacter l\u2019administration fiscale belge \u00e0 cet effet.<\/p>\n\n\n\n<h3 class=\"wp-block-heading\" id=\"h-quand-dois-je-faire-ma-declaration-fiscale-crypto-en-belgique\" id=\"quand-dois-je-faire-ma-declaration-fiscale-crypto-en-belgique\"><a tabindex=\"0\">Quand dois-je faire ma d\u00e9claration fiscale crypto en Belgique ? <\/a><\/h3>\n\n\n\n<p>La saison fiscale en Belgique pour les imp\u00f4ts crypto est la m\u00eame que pour les autres principaux types de revenus. Cela d\u00e9bute fin avril ou d\u00e9but mars selon les ann\u00e9es.<\/p>\n\n\n\n<h3 class=\"wp-block-heading\" id=\"h-puis-je-ne-pas-payer-d-impot-sur-les-crypto-en-belgique\" id=\"puis-je-ne-pas-payer-dimpot-sur-les-crypto-en-belgique\"><a tabindex=\"0\">Puis-je ne pas payer d\u2019imp\u00f4t sur les crypto en Belgique ? <\/a><\/h3>\n\n\n\n<p>Vous ne serez pas tax\u00e9 sur vos gains en crypto-monnaies si votre profil d\u2019investissement est celui de bon p\u00e8re de famille et que les seules et uniques op\u00e9rations effectu\u00e9es sont la conservation de vos crypto-monnaies, aucun imp\u00f4t ne sera d\u00fb.<\/p>\n\n\n\n<p>Dans le cas ou d\u2019autres op\u00e9rations sont effectu\u00e9es telles que le staking, farming et tous autres revenus r\u00e9currents per\u00e7us en crypto-actifs, une d\u00e9claration fiscale sera n\u00e9cessaire et le paiement d\u2019imp\u00f4ts au titre des revenus mobiliers au taux de 30% sera recommand\u00e9e.<\/p>\n\n\n\n<h3 class=\"wp-block-heading\" id=\"h-comment-sont-taxes-les-revenus-de-staking-en-belgique\" id=\"comment-sont-taxes-les-revenus-de-staking-en-belgique\"><a tabindex=\"0\">Comment sont tax\u00e9s les revenus de staking en Belgique ? <\/a><\/h3>\n\n\n\n<p>Les revenus de staking en crypto-monnaie sont soumis \u00e0 la taxation d\u2019int\u00e9r\u00eats per\u00e7us. Ces revenus r\u00e9currents devraient faire l\u2019objet d\u2019une d\u00e9claration fiscale sp\u00e9cifique dans la cat\u00e9gorie des revenus mobiliers. Le taux applicable aux op\u00e9rations de staking de crypto serait donc de 30% sur la valeur marchande du d\u00e9p\u00f4t re\u00e7u de crypto \u00e0 la date de ce dernier.&nbsp;<\/p>\n\n\n\n<p>Exemple : &nbsp;je per\u00e7ois 0.10 ETH issus du staking pour une valeur de 150 euros, je d\u00e9clare 150 euros en revenus mobiliers.<\/p>\n\n\n\n<h3 class=\"wp-block-heading\" id=\"h-le-report-des-moins-values-crypto-en-belgique-est-il-possible\" id=\"le-report-des-moins-values-crypto-en-belgique-est-il-possible\"><a tabindex=\"0\">Le report des moins-values crypto en Belgique est-il possible ? <\/a><\/h3>\n\n\n\n<p>Le report des moins-values en crypto est possible durant 5 ans suivant l\u2019ann\u00e9e de d\u00e9claration fiscale directement sur le site de l\u2019administration fiscale belge au Cadre VIII ; \u201cPertes ant\u00e9rieures et d\u00e9penses d\u00e9ductibles\u201d.<\/p>\n","protected":false},"excerpt":{"rendered":"<p>R\u00e9pondez \u00e0 ces quelques questions et d\u00e9couvrez votre taux d&rsquo;imposition et votre profil d&rsquo;investisseur crypto en Belgique : bon-p\u00e8re de famille, sp\u00e9culateur ou professionnel ! Comment sont tax\u00e9es les cryptos en Belgique ? A quoi sert de conna\u00eetre son profil d\u2019investissement crypto en Belgique ? Cela est n\u00e9cessaire pour conna\u00eetre votre taux d\u2019imposition crypto en [&hellip;]<\/p>\n","protected":false},"author":3,"featured_media":0,"parent":0,"menu_order":0,"comment_status":"closed","ping_status":"closed","template":"page-templates\/template-page-simple.php","meta":{"_acf_changed":false,"inline_featured_image":false,"footnotes":""},"class_list":["post-390","page","type-page","status-publish","hentry"],"acf":[],"_links":{"self":[{"href":"https:\/\/www.waltio.com\/be-fr\/wp-json\/wp\/v2\/pages\/390","targetHints":{"allow":["GET"]}}],"collection":[{"href":"https:\/\/www.waltio.com\/be-fr\/wp-json\/wp\/v2\/pages"}],"about":[{"href":"https:\/\/www.waltio.com\/be-fr\/wp-json\/wp\/v2\/types\/page"}],"author":[{"embeddable":true,"href":"https:\/\/www.waltio.com\/be-fr\/wp-json\/wp\/v2\/users\/3"}],"replies":[{"embeddable":true,"href":"https:\/\/www.waltio.com\/be-fr\/wp-json\/wp\/v2\/comments?post=390"}],"version-history":[{"count":61,"href":"https:\/\/www.waltio.com\/be-fr\/wp-json\/wp\/v2\/pages\/390\/revisions"}],"predecessor-version":[{"id":1695,"href":"https:\/\/www.waltio.com\/be-fr\/wp-json\/wp\/v2\/pages\/390\/revisions\/1695"}],"wp:attachment":[{"href":"https:\/\/www.waltio.com\/be-fr\/wp-json\/wp\/v2\/media?parent=390"}],"curies":[{"name":"wp","href":"https:\/\/api.w.org\/{rel}","templated":true}]}}