{"id":879,"date":"2026-03-09T11:55:03","date_gmt":"2026-03-09T10:55:03","guid":{"rendered":"https:\/\/www.waltio.com\/es\/?page_id=879"},"modified":"2026-04-23T12:20:48","modified_gmt":"2026-04-23T10:20:48","slug":"mejores-programas-de-fiscalidad-cripto","status":"publish","type":"page","link":"https:\/\/www.waltio.com\/es\/mejores-programas-de-fiscalidad-cripto\/","title":{"rendered":"Mejores programas para calcular impuestos sobre criptomonedas  (Gu\u00eda 2026)"},"content":{"rendered":"\n<h2 class=\"wp-block-heading\" id=\"h-la-declaracion-sobre-criptomonedas-requiere-de-un-seguimiento-completo-de-todas-las-transacciones-desde-el-primer-dia-de-inversion-ya-sea-de-bitcoin-o-de-altcoins-como-ethereum-si-te-preguntas-como-calcular-tus-impuestos-cripto-sin-cometer-errores-en-este-articulo-analizaremos-las-mejores-opciones-disponibles\">La declaraci\u00f3n sobre criptomonedas requiere de un seguimiento completo de todas las transacciones desde el primer d\u00eda de inversi\u00f3n, ya sea de Bitcoin o de altcoins como Ethereum.<br><br>Si te preguntas <strong>c\u00f3mo calcular tus impuestos cripto<\/strong> sin cometer errores, en este art\u00edculo analizaremos las mejores opciones disponibles.<\/h2>\n\n\n\n<h3 class=\"wp-block-heading\" id=\"h-1-simuladores-de-impuestos-para-la-renta-cripto\" id=\"1-simuladores-de-impuestos-para-la-renta-cripto\">1. Simuladores de impuestos para la Renta Cripto<\/h3>\n\n\n\n<p>Una buena forma de prever el impacto fiscal es utilizar una calculadora o <strong>simulador de impuestos<\/strong> cripto. Estas herramientas te proporcionan una vista previa y una evaluaci\u00f3n de tu c\u00e1lculo impositivo basado en tus movimientos<br><br>Por defecto utilizar\u00e1n el <strong>FIFO<\/strong> (La \u00faltima criptomoneda vendida es la primera que compraste) que es el m\u00e9todo que utiliza Hacienda.<\/p>\n\n\n\n<p>Sin embargo, para realizar un c\u00e1lculo correcto, necesitar\u00e1s seguir todas tus transacciones y discernir si vienen de la Base Imponible General o del Ahorro. <\/p>\n\n\n\n<ul class=\"wp-block-list\">\n<p><em>\u00ab\ud83d\udca1  Si necesitas saber una estimaci\u00f3n simple de cu\u00e1nto tienes que tributar en Espa\u00f1a, en la p\u00e1gina de <a href=\"https:\/\/www.waltio.com\/es\/simulador-tributacion-criptomonedas\/\">Waltio<\/a> puedes probar nuestro simulador sin necesidad de registrarte y gratis.\u00bb<\/em><\/p>\n<\/ul>\n\n\n\n<figure class=\"wp-block-image size-large is-style-default\"><a href=\"https:\/\/waltio.com\/es\/simulador-tributacion-criptomonedas\/\"><img decoding=\"async\" width=\"1024\" height=\"599\" src=\"https:\/\/www.waltio.com\/es\/wp-content\/uploads\/sites\/3\/2024\/04\/Captura-de-pantalla-2024-04-29-a-las-17.31.17-1024x599.png\" alt=\"Simulador de impuestos criptomonedas\" class=\"wp-image-1003\" title=\"simulateur-impot-crypto\" srcset=\"https:\/\/www.waltio.com\/es\/wp-content\/uploads\/sites\/3\/2024\/04\/Captura-de-pantalla-2024-04-29-a-las-17.31.17-1024x599.png 1024w, https:\/\/www.waltio.com\/es\/wp-content\/uploads\/sites\/3\/2024\/04\/Captura-de-pantalla-2024-04-29-a-las-17.31.17-300x175.png 300w, https:\/\/www.waltio.com\/es\/wp-content\/uploads\/sites\/3\/2024\/04\/Captura-de-pantalla-2024-04-29-a-las-17.31.17-768x449.png 768w, https:\/\/www.waltio.com\/es\/wp-content\/uploads\/sites\/3\/2024\/04\/Captura-de-pantalla-2024-04-29-a-las-17.31.17-1536x899.png 1536w, https:\/\/www.waltio.com\/es\/wp-content\/uploads\/sites\/3\/2024\/04\/Captura-de-pantalla-2024-04-29-a-las-17.31.17-2048x1198.png 2048w\" sizes=\"(max-width: 1024px) 100vw, 1024px\" \/><\/a><\/figure>\n\n\n\n<h3 class=\"wp-block-heading\" id=\"h-2-inteligencia-artificial-para-declarar-criptomonedas\" id=\"2-inteligencia-artificial-para-declarar-criptomonedas\">2. Inteligencia Artificial para declarar criptomonedas<\/h3>\n\n\n\n<p>Con el boom de la IA, es normal preguntarse si nos bastar\u00eda con copiar el historial en ChatGPT, Gemini o Cloud y pedirle que haga el IRPF de tus transacciones cripto. La respuesta corta es que no, y adem\u00e1s es peligroso intentarlo.<br><br>Aunque la IA generativa simplifica miles de tareas, tiene graves problemas cuando se trata de impuestos cripto. Por un lado, sufren de \u00abalucinaciones matem\u00e1ticas\u00bb, inventando cifras o fallando en restas simples cuando hay muchos datos. Y precisamente en la declaraci\u00f3n de la renta queremos reducir al m\u00e1ximo los posibles fallos.<br><br>Por otro, carecen de contexto hist\u00f3rico: un chat de texto no sabe el precio exacto de Ethereum el 14 de marzo de 2025 a las 15:30h, y sin ese dato, es imposible calcular tu ganancia real. Eso sin mencionar el riesgo de privacidad que implica pegar todos tus datos financieros en un chat p\u00fablico.<br><br>Y finalmente ser\u00e1 muy complicado defender un documento hecho por IA ante Hacienda en caso de inspecci\u00f3n. Se necesitar\u00e1 un documento que certifique que has tratado de hacer las cosas bien, como el certificado fiscal de Waltio.<\/p>\n\n\n\n<figure class=\"wp-block-image size-large is-style-default\"><a href=\"https:\/\/waltio.app.link\/waltio-smart-redirection\" target=\"_blank\" rel=\"noreferrer noopener\"><img decoding=\"async\" width=\"1024\" height=\"235\" src=\"https:\/\/www.waltio.com\/es\/wp-content\/uploads\/sites\/3\/2024\/04\/cta_spanish_2-1024x235.png\" alt=\"\u00bfTengo que declarar mis criptomonedas? \nCalcula tus impuestos con Waltio\" class=\"wp-image-946\" title=\"En Espa\u00f1a todas las operaciones en criptomonedas son imponibles, el impuesto sobre la renta personal se estructura en dos categor\u00edas principales de ingresos:\" srcset=\"https:\/\/www.waltio.com\/es\/wp-content\/uploads\/sites\/3\/2024\/04\/cta_spanish_2-1024x235.png 1024w, https:\/\/www.waltio.com\/es\/wp-content\/uploads\/sites\/3\/2024\/04\/cta_spanish_2-300x69.png 300w, https:\/\/www.waltio.com\/es\/wp-content\/uploads\/sites\/3\/2024\/04\/cta_spanish_2-768x177.png 768w, https:\/\/www.waltio.com\/es\/wp-content\/uploads\/sites\/3\/2024\/04\/cta_spanish_2.png 1496w\" sizes=\"(max-width: 1024px) 100vw, 1024px\" \/><\/a><\/figure>\n\n\n\n<h3 class=\"wp-block-heading\" id=\"h-3-software-de-trazabilidad-para-declarar-criptomonedas\" id=\"3-software-de-trazabilidad-para-declarar-criptomonedas\">3. Software de trazabilidad para declarar criptomonedas<\/h3>\n\n\n\n<p>El principal beneficio de utilizar un <strong>software de fiscalidad cripto<\/strong> como <strong><a href=\"http:\/\/waltio.app.link\/waltio-smart-redirection\">Waltio<\/a><\/strong> radica en la automatizaci\u00f3n total y la reducci\u00f3n del error humano. A diferencia de un c\u00e1lculo manual, estas plataformas est\u00e1n dise\u00f1adas espec\u00edficamente para cumplir con la normativa del IRPF espa\u00f1ol.<\/p>\n\n\n\n<p>Recopila autom\u00e1ticamente los datos de transacciones de <strong>m\u00e1s de 700 <\/strong>wallets, blockchains o exchanges. Identificar\u00e1 las transacciones imponibles, realizar\u00e1 el c\u00e1lculo de las plusval\u00edas y generar\u00e1 todos tus documentos fiscales.<br><br>Si tienes m\u00e1s de 10 o 15 movimientos al a\u00f1o, hacer esto a mano es jugar a la ruleta rusa con Hacienda. El principal motivo para usar una herramienta como <strong>Waltio<\/strong> no es solo la pereza de evitar el Excel, sino la tranquilidad de tener cobertura total y evitar errores matem\u00e1ticos que pueden salir caros.<\/p>\n\n\n\n<p>En conclusi\u00f3n, existen diferentes m\u00e9todos para seguir y calcular tus impuestos sobre criptomonedas. Creemos que el uso de una <a href=\"https:\/\/www.waltio.com\/es\/\">herramienta de declaraci\u00f3n fiscal<\/a> cripto como Waltio es una excelente opci\u00f3n frente a hojas de c\u00e1lculo Excel, IAs u otros costos asociados a los servicios de abogados o asesores.<\/p>\n\n\n\n<figure class=\"wp-block-image size-large is-style-default\"><img decoding=\"async\" width=\"1024\" height=\"665\" src=\"https:\/\/www.waltio.com\/es\/wp-content\/uploads\/sites\/3\/2025\/03\/ES-1024x665.png\" alt=\"\" class=\"wp-image-1881\" srcset=\"https:\/\/www.waltio.com\/es\/wp-content\/uploads\/sites\/3\/2025\/03\/ES-1024x665.png 1024w, https:\/\/www.waltio.com\/es\/wp-content\/uploads\/sites\/3\/2025\/03\/ES-300x195.png 300w, https:\/\/www.waltio.com\/es\/wp-content\/uploads\/sites\/3\/2025\/03\/ES-768x499.png 768w, https:\/\/www.waltio.com\/es\/wp-content\/uploads\/sites\/3\/2025\/03\/ES.png 1512w\" sizes=\"(max-width: 1024px) 100vw, 1024px\" \/><\/figure>\n\n\n\n<script type=\"application\/ld+json\">\n\t{\n\t\t\"@context\": \"https:\/\/schema.org\",\n\t\t\"@type\": \"FAQPage\",\n\t\t\"mainEntity\": [\n\t\t\t\t\t{\n\t\t\t\t\"@type\": \"Question\",\n\t\t\t\t\"name\": \"\u00bfEs seguro conectar mis claves API a herramientas como Waltio?\",\n\t\t\t\t\"acceptedAnswer\": {\n\t\t\t\t\t\"@type\": \"Answer\",\n\t\t\t\t\t\"text\": \"<p>Estas herramientas utilizan claves de <strong>\\\"solo lectura\\\"<\/strong>. Esto significa que el software puede mirar tu historial para hacer los c\u00e1lculos, pero <strong>nunca tiene permiso para mover tus fondos,<\/strong> ni para hacer trading ni para retirar dinero. Tus criptomonedas nunca salen de tu wallet; el software solo lee lo que ha pasado.<\/p>\"\n\t\t\t\t\t\t\t\t\t}\n\t\t\t}\n\t\t\t,\t\t\t\t{\n\t\t\t\t\"@type\": \"Question\",\n\t\t\t\t\"name\": \"\u00bfSirve el Excel para presentar la declaraci\u00f3n cripto directamente?\",\n\t\t\t\t\"acceptedAnswer\": {\n\t\t\t\t\t\"@type\": \"Answer\",\n\t\t\t\t\t\"text\": \"<p>No. Hacienda no acepta que subas un archivo Excel a su web. La Agencia Tributaria exige que rellenes unas casillas espec\u00edficas. Lo que hacen herramientas como Waltio  es darte el \\\"n\u00famero final\\\" y los datos desglosados para que t\u00fa solo tengas que copiar y pegar esa cifra en la casilla correspondiente de la Renta Web.<\/p>\"\n\t\t\t\t\t\t\t\t\t}\n\t\t\t}\n\t\t\t,\t\t\t\t{\n\t\t\t\t\"@type\": \"Question\",\n\t\t\t\t\"name\": \"\u00bfSon fiables los simuladores de impuestos en criptomonedas ? \",\n\t\t\t\t\"acceptedAnswer\": {\n\t\t\t\t\t\"@type\": \"Answer\",\n\t\t\t\t\t\"text\": \"<p>No, un simulador de impuestos de criptomonedas le proporciona una simple estimaci\u00f3n. Para conocer su cantidad exacta de impuestos, le invitamos a crear una cuenta gratuita en Waltio para analizar todas sus transacciones.<\/p>\"\n\t\t\t\t\t\t\t\t\t}\n\t\t\t}\n\t\t\t,\t\t\t\t{\n\t\t\t\t\"@type\": \"Question\",\n\t\t\t\t\"name\": \"\u00bfQu\u00e9 informaci\u00f3n necesito para calcular los impuestos en criptomonedas ? \",\n\t\t\t\t\"acceptedAnswer\": {\n\t\t\t\t\t\"@type\": \"Answer\",\n\t\t\t\t\t\"text\": \"<p>Para realizar su c\u00e1lculo de impuestos en criptomonedas se necesitar\u00e1n <\/p><p>Todas las transacciones realizadas durante el a\u00f1o fiscal. <\/p><ul><li>El valor del activo en el momento de compra<\/li><li>El valor en el momento de venta<\/li><li>La cantidad a declarar <\/li><li>Procedencia (Variar\u00e1 seg\u00fan si es Base Imponible General o de Ahorro)<\/li><\/ul>\"\n\t\t\t\t\t\t\t\t\t}\n\t\t\t}\n\t\t\t,\t\t\t\t{\n\t\t\t\t\"@type\": \"Question\",\n\t\t\t\t\"name\": \"\u00bfCu\u00e1l es el m\u00e9todo m\u00e1s fiable para calcular mis impuestos en criptomonedas? \",\n\t\t\t\t\"acceptedAnswer\": {\n\t\t\t\t\t\"@type\": \"Answer\",\n\t\t\t\t\t\"text\": \"<p>Existen opciones como hojas de Excel pero pueden llegar a ser poco confiables y consumir mucho tiempo. Un software de c\u00e1lculo de plusval\u00edas como Waltio combina la simplicidad de una herramienta con el cumplimiento de los requisitos de la Agencia Tributaria.<\/p>\"\n\t\t\t\t\t\t\t\t\t}\n\t\t\t}\n\t\t\t\t\t\t]\n\t}\n<\/script>\n\n\n\n<p><\/p>\n","protected":false},"excerpt":{"rendered":"<p>La declaraci\u00f3n sobre criptomonedas requiere de un seguimiento completo de todas las transacciones desde el primer d\u00eda de inversi\u00f3n, ya sea de Bitcoin o de altcoins como Ethereum. Si te preguntas c\u00f3mo calcular tus impuestos cripto sin cometer errores, en este art\u00edculo analizaremos las mejores opciones disponibles. 1. Simuladores de impuestos para la Renta Cripto [&hellip;]<\/p>\n","protected":false},"author":25,"featured_media":2490,"parent":0,"menu_order":0,"comment_status":"closed","ping_status":"closed","template":"page-templates\/template-page-simple.php","meta":{"_acf_changed":false,"inline_featured_image":false,"footnotes":""},"class_list":["post-879","page","type-page","status-publish","has-post-thumbnail","hentry"],"acf":[],"_links":{"self":[{"href":"https:\/\/www.waltio.com\/es\/wp-json\/wp\/v2\/pages\/879","targetHints":{"allow":["GET"]}}],"collection":[{"href":"https:\/\/www.waltio.com\/es\/wp-json\/wp\/v2\/pages"}],"about":[{"href":"https:\/\/www.waltio.com\/es\/wp-json\/wp\/v2\/types\/page"}],"author":[{"embeddable":true,"href":"https:\/\/www.waltio.com\/es\/wp-json\/wp\/v2\/users\/25"}],"replies":[{"embeddable":true,"href":"https:\/\/www.waltio.com\/es\/wp-json\/wp\/v2\/comments?post=879"}],"version-history":[{"count":37,"href":"https:\/\/www.waltio.com\/es\/wp-json\/wp\/v2\/pages\/879\/revisions"}],"predecessor-version":[{"id":3424,"href":"https:\/\/www.waltio.com\/es\/wp-json\/wp\/v2\/pages\/879\/revisions\/3424"}],"wp:featuredmedia":[{"embeddable":true,"href":"https:\/\/www.waltio.com\/es\/wp-json\/wp\/v2\/media\/2490"}],"wp:attachment":[{"href":"https:\/\/www.waltio.com\/es\/wp-json\/wp\/v2\/media?parent=879"}],"curies":[{"name":"wp","href":"https:\/\/api.w.org\/{rel}","templated":true}]}}