{"id":888,"date":"2026-03-20T12:47:39","date_gmt":"2026-03-20T11:47:39","guid":{"rendered":"https:\/\/www.waltio.com\/es\/?page_id=888"},"modified":"2026-04-09T19:28:25","modified_gmt":"2026-04-09T17:28:25","slug":"informar-criptomonedas-irpf-hacienda","status":"publish","type":"page","link":"https:\/\/www.waltio.com\/es\/informar-criptomonedas-irpf-hacienda\/","title":{"rendered":"IRPF 2026 \u00bfC\u00f3mo informar criptomonedas en Hacienda?"},"content":{"rendered":"\n<h2 class=\"wp-block-heading\" id=\"h-si-has-operado-con-criptomonedas-es-probable-que-las-tengas-que-declarar-impuestos-en-el-irpf-de-este-2026-encontrar-las-casillas-de-hacienda-puede-ser-complicado-por-ello-aqui-tienes-un-paso-por-paso-para-que-puedas-informar-sobre-tus-criptos-facilmente\">Si has operado con criptomonedas, es probable que las tengas que declarar impuestos en el IRPF de este 2026. Encontrar las casillas de Hacienda puede ser complicado, por ello, aqu\u00ed tienes un paso por paso para que puedas informar sobre tus criptos f\u00e1cilmente.<\/h2>\n\n\n\n<ul class=\"wp-block-list\">\n<li><a href=\"http:\/\/h-cuales-son-mis-obligaciones-fiscales-si-tengo-criptomonedas\">\u00bfC<\/a><a href=\"#h-cuales-son-mis-obligaciones-fiscales-si-tengo-criptomonedas\">u\u00e1les son mis obligaciones fiscales si tengo criptomonedas?<\/a><\/li>\n\n\n\n<li><a href=\"#h-como-declarar-el-salario-en-criptomonedas\">\u00bfC\u00f3mo declarar el salario en criptomonedas?<\/a><\/li>\n\n\n\n<li><a href=\"#h-como-declaro-ingresos-percibidos-por-juegos-play-to-earn\">\u00bfC\u00f3mo declaro ingresos percibidos por juegos Play to Earn?<\/a><\/li>\n\n\n\n<li><a href=\"#h-como-declarar-perdidas-por-estafa-o-quiebra-en-la-renta\">\u00bfC\u00f3mo declarar p\u00e9rdidas por estafa o quiebra en la renta?<\/a><\/li>\n\n\n\n<li><a href=\"#h-como-informar-rendimientos-por-mineria-staking-pools-o-airdrops-en-el-irpf\">\u00bfC\u00f3mo informar rendimientos por Miner\u00eda, Staking, Pools o Airdrops en el IRPF?<\/a><\/li>\n\n\n\n<li><a href=\"#h-como-declarar-las-transacciones-sobre-criptomonedas-en-hacienda\">\u00bfC\u00f3mo declarar las transacciones en criptomonedas en Hacienda?<\/a><\/li>\n\n\n\n<li><a href=\"#h-haz-la-declaracion-en-criptomonedas-rapidamente-con-waltio\">Haz la declaraci\u00f3n en criptomonedas r\u00e1pidamente con Waltio<\/a><\/li>\n<\/ul>\n\n\n\n<h3 class=\"wp-block-heading\" id=\"h-cuales-son-mis-obligaciones-fiscales-si-tengo-criptomonedas\" id=\"cuales-son-mis-obligaciones-fiscales-si-tengo-criptomonedas\">\u00bfCu\u00e1les son mis obligaciones fiscales si tengo criptomonedas? <\/h3>\n\n\n\n<p>En Espa\u00f1a&nbsp;<strong>todas las operaciones<\/strong>&nbsp;en criptomonedas son imponibles. Pueden desencadenar la declaraci\u00f3n:<\/p>\n\n\n\n<ul class=\"wp-block-list\">\n<li>La recepci\u00f3n de criptomonedas.<\/li>\n\n\n\n<li>La transferencia de criptomonedas.<\/li>\n<\/ul>\n\n\n\n<p>Es importante destacar que ni las transferencias entre cuentas de&nbsp;<strong>autocustodio<\/strong>&nbsp;ni los activos \u00abholdeados\u00bb no constituyen operaciones gravables. Por lo tanto no habr\u00eda que informar a Hacienda sobre estas criptomonedas.<\/p>\n\n\n\n<p>Si quieres saber m\u00e1s acerca de c\u00f3mo funciona la declaraci\u00f3n sobre criptomonedas dir\u00edjase a este <a href=\"https:\/\/www.waltio.com\/es\/tengo-que-declarar-mis-criptomonedas\/\">art\u00edculo<\/a><\/p>\n\n\n\n<figure class=\"wp-block-image size-large\"><a href=\"https:\/\/tax.waltio.com\/\"><img decoding=\"async\" width=\"1024\" height=\"235\" src=\"https:\/\/www.waltio.com\/es\/wp-content\/uploads\/sites\/3\/2024\/04\/cta_spanish_2-1024x235.png\" alt=\"Informar criptomonedas Hacienda con Waltio\" class=\"wp-image-946\" srcset=\"https:\/\/www.waltio.com\/es\/wp-content\/uploads\/sites\/3\/2024\/04\/cta_spanish_2-1024x235.png 1024w, https:\/\/www.waltio.com\/es\/wp-content\/uploads\/sites\/3\/2024\/04\/cta_spanish_2-300x69.png 300w, https:\/\/www.waltio.com\/es\/wp-content\/uploads\/sites\/3\/2024\/04\/cta_spanish_2-768x177.png 768w, https:\/\/www.waltio.com\/es\/wp-content\/uploads\/sites\/3\/2024\/04\/cta_spanish_2.png 1496w\" sizes=\"(max-width: 1024px) 100vw, 1024px\" \/><\/a><\/figure>\n\n\n\n<h3 class=\"wp-block-heading\" id=\"h-como-declarar-el-salario-en-criptomonedas\" id=\"como-declarar-el-salario-en-criptomonedas\">\u00bfC\u00f3mo declarar el salario en criptomonedas?<\/h3>\n\n\n\n<p>Si has percibido rendimientos del trabajo en criptos, dir\u00edgete al apartado <strong>\u00abA. Rendimientos del trabajo\u00bb<\/strong> y declara en la <strong>casilla [004]<\/strong> el importe total de los rendimientos del trabajo percibidos durante el ejercicio fiscal en curso. Haga clic en el l\u00e1piz de al lado para detallar las ganancias el la secci\u00f3n <strong>\u201d<em>importe de ingresos\u201d<\/em><\/strong>.<\/p>\n\n\n\n<figure class=\"wp-block-image size-large\"><a href=\"https:\/\/www.waltio.com\/es\/\"><img decoding=\"async\" width=\"1024\" height=\"485\" src=\"https:\/\/www.waltio.com\/es\/wp-content\/uploads\/sites\/3\/2024\/05\/Captura-de-pantalla-2024-04-22-a-las-15.53.21-1024x485.png\" alt=\"Informar criptomonedas Hacienda con Waltio\" class=\"wp-image-1050\" style=\"object-fit:cover\" srcset=\"https:\/\/www.waltio.com\/es\/wp-content\/uploads\/sites\/3\/2024\/05\/Captura-de-pantalla-2024-04-22-a-las-15.53.21-1024x485.png 1024w, https:\/\/www.waltio.com\/es\/wp-content\/uploads\/sites\/3\/2024\/05\/Captura-de-pantalla-2024-04-22-a-las-15.53.21-300x142.png 300w, https:\/\/www.waltio.com\/es\/wp-content\/uploads\/sites\/3\/2024\/05\/Captura-de-pantalla-2024-04-22-a-las-15.53.21-768x364.png 768w, https:\/\/www.waltio.com\/es\/wp-content\/uploads\/sites\/3\/2024\/05\/Captura-de-pantalla-2024-04-22-a-las-15.53.21-1536x728.png 1536w, https:\/\/www.waltio.com\/es\/wp-content\/uploads\/sites\/3\/2024\/05\/Captura-de-pantalla-2024-04-22-a-las-15.53.21-2048x970.png 2048w\" sizes=\"(max-width: 1024px) 100vw, 1024px\" \/><\/a><\/figure>\n\n\n\n<p>Atenci\u00f3n, en esta casilla no deben hacerse constar las ganancias o p\u00e9rdidas relacionadas con la miner\u00eda. S\u00f3lo debe incluir tu salario en criptomonedas.<\/p>\n\n\n\n<figure class=\"wp-block-image size-large\"><a href=\"https:\/\/www.waltio.com\/es\/\"><img decoding=\"async\" width=\"1024\" height=\"562\" src=\"https:\/\/www.waltio.com\/es\/wp-content\/uploads\/sites\/3\/2025\/02\/image-1024x562.png\" alt=\"Informar criptomonedas Hacienda con Waltio\" class=\"wp-image-1446\" srcset=\"https:\/\/www.waltio.com\/es\/wp-content\/uploads\/sites\/3\/2025\/02\/image-1024x562.png 1024w, https:\/\/www.waltio.com\/es\/wp-content\/uploads\/sites\/3\/2025\/02\/image-300x165.png 300w, https:\/\/www.waltio.com\/es\/wp-content\/uploads\/sites\/3\/2025\/02\/image-768x421.png 768w, https:\/\/www.waltio.com\/es\/wp-content\/uploads\/sites\/3\/2025\/02\/image.png 1074w\" sizes=\"(max-width: 1024px) 100vw, 1024px\" \/><\/a><\/figure>\n\n\n\n<p><strong><a href=\"https:\/\/www.waltio.com\/es\/white-paper-fiscalidad-cripto\/\"><\/a><\/strong><\/p>\n\n\n\n<h3 class=\"wp-block-heading\" id=\"h-como-declaro-ingresos-percibidos-por-juegos-play-to-earn\" id=\"como-declaro-ingresos-percibidos-por-juegos-play-to-earn\">\u00bfC\u00f3mo declaro ingresos percibidos por juegos Play to Earn?<\/h3>\n\n\n\n<p>Se trata de los rendimientos del trabajo personal, entre los que se incluyen: actividades comerciales realizadas por cuenta de terceros e ingresos obtenidos en juegos online, \u00bb Play-to-earn\u201d.<\/p>\n\n\n\n<figure class=\"wp-block-image size-large\"><a href=\"https:\/\/www.waltio.com\/es\/\"><img decoding=\"async\" width=\"1024\" height=\"582\" src=\"https:\/\/www.waltio.com\/es\/wp-content\/uploads\/sites\/3\/2025\/02\/GPTxRQeXIAES26b-1024x582.jpeg\" alt=\"Informar criptomonedas Hacienda con Waltio\" class=\"wp-image-1448\" srcset=\"https:\/\/www.waltio.com\/es\/wp-content\/uploads\/sites\/3\/2025\/02\/GPTxRQeXIAES26b-1024x582.jpeg 1024w, https:\/\/www.waltio.com\/es\/wp-content\/uploads\/sites\/3\/2025\/02\/GPTxRQeXIAES26b-300x170.jpeg 300w, https:\/\/www.waltio.com\/es\/wp-content\/uploads\/sites\/3\/2025\/02\/GPTxRQeXIAES26b-768x436.jpeg 768w, https:\/\/www.waltio.com\/es\/wp-content\/uploads\/sites\/3\/2025\/02\/GPTxRQeXIAES26b-1536x873.jpeg 1536w, https:\/\/www.waltio.com\/es\/wp-content\/uploads\/sites\/3\/2025\/02\/GPTxRQeXIAES26b.jpeg 1600w\" sizes=\"(max-width: 1024px) 100vw, 1024px\" \/><\/a><\/figure>\n\n\n\n<p>Ve a la <strong>secci\u00f3n D1 <\/strong>\u00abRendimientos de actividades econ\u00f3micas en estimaci\u00f3n directa\u00bb y despu\u00e9s a \u00abActividades econ\u00f3micas realizadas y rendimientos obtenidos\u00bb.<a href=\"https:\/\/www.waltio.com\/es\/white-paper-fiscalidad-cripto\/\"><\/a><\/p>\n\n\n\n<p>Una vez all\u00ed, rellena las casillas correspondientes a tu <strong>actividad econ\u00f3mica:<\/strong> el r\u00e9gimen fiscal correspondiente, el importe total de los rendimientos y la naturaleza de tu actividad.<\/p>\n\n\n\n<p>Rellena la <strong>casilla 0166<\/strong> seleccionando<strong> B06<\/strong> en la lista.<\/p>\n\n\n\n<figure class=\"wp-block-image size-large\"><a href=\"https:\/\/sede.agenciatributaria.gob.es\/\"><img decoding=\"async\" width=\"1024\" height=\"523\" src=\"https:\/\/www.waltio.com\/es\/wp-content\/uploads\/sites\/3\/2024\/05\/captura_de_pantalla_2024-04-22_a_las_15.59.26-1-1024x523.png\" alt=\"Informar criptomonedas Hacienda con Waltio\" class=\"wp-image-1052\" srcset=\"https:\/\/www.waltio.com\/es\/wp-content\/uploads\/sites\/3\/2024\/05\/captura_de_pantalla_2024-04-22_a_las_15.59.26-1-1024x523.png 1024w, https:\/\/www.waltio.com\/es\/wp-content\/uploads\/sites\/3\/2024\/05\/captura_de_pantalla_2024-04-22_a_las_15.59.26-1-300x153.png 300w, https:\/\/www.waltio.com\/es\/wp-content\/uploads\/sites\/3\/2024\/05\/captura_de_pantalla_2024-04-22_a_las_15.59.26-1-768x392.png 768w, https:\/\/www.waltio.com\/es\/wp-content\/uploads\/sites\/3\/2024\/05\/captura_de_pantalla_2024-04-22_a_las_15.59.26-1-1536x784.png 1536w, https:\/\/www.waltio.com\/es\/wp-content\/uploads\/sites\/3\/2024\/05\/captura_de_pantalla_2024-04-22_a_las_15.59.26-1-2048x1046.png 2048w\" sizes=\"(max-width: 1024px) 100vw, 1024px\" \/><\/a><\/figure>\n\n\n\n<p>Luego haga click en el l\u00e1piz para detallar en el recuadro <strong>0178<\/strong> las ganancias en crypto correspondientes actividades econ\u00f3micas, esto rellenar\u00e1 en el apartado de <strong>\u00abOtros Ingresos\u00bb<\/strong>.<\/p>\n\n\n\n<h3 class=\"wp-block-heading\" id=\"h-como-declarar-perdidas-por-estafa-o-quiebra-en-la-renta\" id=\"como-declarar-perdidas-por-estafa-o-quiebra-en-la-renta\">\u00bfC\u00f3mo declarar p\u00e9rdidas por estafa o quiebra en la renta?<\/h3>\n\n\n\n<p>Si has percibido p\u00e9rdidas, estafas o quiebras procedentes de Ganancias y P\u00e9rdidas no relacionadas con la Transmisi\u00f3n Patrimonial.<\/p>\n\n\n\n<div class=\"wp-block-group is-nowrap is-layout-flex wp-container-core-group-is-layout-ad2f72ca wp-block-group-is-layout-flex\">\n<figure class=\"wp-block-image size-large\"><a href=\"https:\/\/www.waltio.com\/es\/\"><img decoding=\"async\" width=\"1024\" height=\"515\" src=\"https:\/\/www.waltio.com\/es\/wp-content\/uploads\/sites\/3\/2025\/02\/GPTxRQTXEAAh_6K-1024x515.jpeg\" alt=\"Informar criptomonedas Hacienda\" class=\"wp-image-1450\" srcset=\"https:\/\/www.waltio.com\/es\/wp-content\/uploads\/sites\/3\/2025\/02\/GPTxRQTXEAAh_6K-1024x515.jpeg 1024w, https:\/\/www.waltio.com\/es\/wp-content\/uploads\/sites\/3\/2025\/02\/GPTxRQTXEAAh_6K-300x151.jpeg 300w, https:\/\/www.waltio.com\/es\/wp-content\/uploads\/sites\/3\/2025\/02\/GPTxRQTXEAAh_6K-768x386.jpeg 768w, https:\/\/www.waltio.com\/es\/wp-content\/uploads\/sites\/3\/2025\/02\/GPTxRQTXEAAh_6K-1536x773.jpeg 1536w, https:\/\/www.waltio.com\/es\/wp-content\/uploads\/sites\/3\/2025\/02\/GPTxRQTXEAAh_6K.jpeg 1600w\" sizes=\"(max-width: 1024px) 100vw, 1024px\" \/><\/a><\/figure>\n\n\n\n<p><a href=\"https:\/\/www.waltio.com\/es\/white-paper-fiscalidad-cripto\/\"><\/a><\/p>\n<\/div>\n\n\n\n<p>Para informar en Hacienda sobre la p\u00e9rdida de criptomonedas, ve a la secci\u00f3n <strong>F1<\/strong> \u00abGanancias y p\u00e9rdidas patrimoniales que no derivan de la transmisi\u00f3n de elementos patrimoniales\u00bb y despu\u00e9s a \u00abOtras ganancias y p\u00e9rdidas patrimoniales que no derivan de la transmisi\u00f3n de elementos patrimoniales\u00bb.<\/p>\n\n\n\n<p>Indica tus ganancias en la <strong>casilla [0304] <\/strong>y tus p\u00e9rdidas en la casilla<strong> [0305].<\/strong><\/p>\n\n\n\n<h3 class=\"wp-block-heading\" id=\"h-como-informar-rendimientos-por-mineria-staking-pools-o-airdrops-en-el-irpf\" id=\"como-informar-rendimientos-por-mineria-staking-pools-o-airdrops-en-el-irpf\">\u00bfC\u00f3mo informar rendimientos por Miner\u00eda, Staking, Pools o Airdrops en el IRPF?<\/h3>\n\n\n\n<p>Si has percibido rendimientos del capital mobiliario &#8211;que son los rendimientos de stacking, de miner\u00eda y pools de liquidez&#8211; ve a la secci\u00f3n B \u00abRendimientos del capital mobiliario\u00bb y luego a \u00abRendimientos del capital mobiliario a integrar en la base imponible del ahorro\u00bb.<\/p>\n\n\n\n<div class=\"wp-block-group is-nowrap is-layout-flex wp-container-core-group-is-layout-ad2f72ca wp-block-group-is-layout-flex\">\n<figure class=\"wp-block-image size-large\"><a href=\"https:\/\/sede.agenciatributaria.gob.es\/Sede\/irpf.html\"><img decoding=\"async\" width=\"1024\" height=\"437\" src=\"https:\/\/www.waltio.com\/es\/wp-content\/uploads\/sites\/3\/2025\/02\/GPTxRPyWkAAUveq-1-1024x437.jpeg\" alt=\"Airdrops y Staking en el IRPF con Waltio\" class=\"wp-image-1452\" srcset=\"https:\/\/www.waltio.com\/es\/wp-content\/uploads\/sites\/3\/2025\/02\/GPTxRPyWkAAUveq-1-1024x437.jpeg 1024w, https:\/\/www.waltio.com\/es\/wp-content\/uploads\/sites\/3\/2025\/02\/GPTxRPyWkAAUveq-1-300x128.jpeg 300w, https:\/\/www.waltio.com\/es\/wp-content\/uploads\/sites\/3\/2025\/02\/GPTxRPyWkAAUveq-1-768x328.jpeg 768w, https:\/\/www.waltio.com\/es\/wp-content\/uploads\/sites\/3\/2025\/02\/GPTxRPyWkAAUveq-1-1536x656.jpeg 1536w, https:\/\/www.waltio.com\/es\/wp-content\/uploads\/sites\/3\/2025\/02\/GPTxRPyWkAAUveq-1.jpeg 1600w\" sizes=\"(max-width: 1024px) 100vw, 1024px\" \/><\/a><\/figure>\n<\/div>\n\n\n\n<p>Seguidamente, rellena la <strong>casilla [0031]<\/strong> \u00abRendimientos procedentes de la transmisi\u00f3n, amortizaci\u00f3n o reembolso de otros activos financieros\u00bb e informa a Hacienda del importe total de tus rendimientos en criptomonedas. Rellena la casilla clicando en el l\u00e1piz.<\/p>\n\n\n\n<div class=\"wp-block-group\"><div class=\"wp-block-group__inner-container is-layout-constrained wp-block-group-is-layout-constrained\">\n<h3 class=\"wp-block-heading\" id=\"h-como-declarar-las-transacciones-sobre-criptomonedas-en-hacienda\" id=\"como-declarar-las-transacciones-sobre-criptomonedas-en-hacienda\">\u00bfC\u00f3mo declarar las transacciones sobre criptomonedas en Hacienda?<\/h3>\n\n\n\n<p>Ganancias y p\u00e9rdidas relacionadas con una transferencia de activos. Esto incluye todas las transacciones de cripto a cripto o de cripto a euros o de cripto a un bien o servicio.<\/p>\n<\/div><\/div>\n\n\n\n<p>Accede al apartado <strong>F2<\/strong> \u00abGanancias y p\u00e9rdidas patrimoniales derivadas de la transmisi\u00f3n de elementos patrimoniales\u00bb y despu\u00e9s a \u00abGanancias y p\u00e9rdidas patrimoniales derivadas de la transmisi\u00f3n o permuta de monedas virtuales realizadas por particulares\u00bb.<\/p>\n\n\n\n<figure class=\"wp-block-image size-large\"><a href=\"https:\/\/www.waltio.com\/es\/tengo-que-declarar-mis-criptomonedas\/\"><img decoding=\"async\" width=\"1024\" height=\"557\" src=\"https:\/\/www.waltio.com\/es\/wp-content\/uploads\/sites\/3\/2025\/02\/image-1-1024x557.png\" alt=\"Informar criptomonedas Hacienda\" class=\"wp-image-1453\" srcset=\"https:\/\/www.waltio.com\/es\/wp-content\/uploads\/sites\/3\/2025\/02\/image-1-1024x557.png 1024w, https:\/\/www.waltio.com\/es\/wp-content\/uploads\/sites\/3\/2025\/02\/image-1-300x163.png 300w, https:\/\/www.waltio.com\/es\/wp-content\/uploads\/sites\/3\/2025\/02\/image-1-768x418.png 768w, https:\/\/www.waltio.com\/es\/wp-content\/uploads\/sites\/3\/2025\/02\/image-1-1536x836.png 1536w, https:\/\/www.waltio.com\/es\/wp-content\/uploads\/sites\/3\/2025\/02\/image-1.png 1600w\" sizes=\"(max-width: 1024px) 100vw, 1024px\" \/><\/a><\/figure>\n\n\n\n<p>Rellena la <strong>casilla [1804]<\/strong> con la denominaci\u00f3n de la moneda y la siguiente informaci\u00f3n:<\/p>\n\n\n\n<p>Del men\u00fa desplegable, selecciona la opci\u00f3n:&nbsp; <strong>N \u201c Otra moneda virtual\u201d<\/strong>.<\/p>\n\n\n\n<p>El precio de venta (con indicaci\u00f3n de d\u00eda, mes y a\u00f1o).<\/p>\n\n\n\n<p>El precio de compra (con indicaci\u00f3n de d\u00eda, mes y a\u00f1o).<\/p>\n\n\n\n<p>Deber\u00e1s repetir este paso para cada operaci\u00f3n imponible haciendo clic en : <strong>\u00abAlta de elemento patrimonial\u00bb.<\/strong><\/p>\n\n\n\n<figure class=\"wp-block-image size-large\"><a href=\"https:\/\/www.waltio.com\/es\/tengo-que-declarar-mis-criptomonedas\/\"><img decoding=\"async\" width=\"1024\" height=\"810\" src=\"https:\/\/www.waltio.com\/es\/wp-content\/uploads\/sites\/3\/2025\/02\/GPTxRO7XkAATRlR-1024x810.jpeg\" alt=\"Hacienda Criptos\" class=\"wp-image-1457\" srcset=\"https:\/\/www.waltio.com\/es\/wp-content\/uploads\/sites\/3\/2025\/02\/GPTxRO7XkAATRlR-1024x810.jpeg 1024w, https:\/\/www.waltio.com\/es\/wp-content\/uploads\/sites\/3\/2025\/02\/GPTxRO7XkAATRlR-300x237.jpeg 300w, https:\/\/www.waltio.com\/es\/wp-content\/uploads\/sites\/3\/2025\/02\/GPTxRO7XkAATRlR-768x608.jpeg 768w, https:\/\/www.waltio.com\/es\/wp-content\/uploads\/sites\/3\/2025\/02\/GPTxRO7XkAATRlR.jpeg 1448w\" sizes=\"(max-width: 1024px) 100vw, 1024px\" \/><\/a><\/figure>\n\n\n\n<p>En caso de tener muchas transacciones entendemos que este proceso puede llegar a ser engorroso, por ello le recomendamos contactar a Hacienda para poder proporcionar un documento a trav\u00e9s de este <a href=\"https:\/\/help.waltio.com\/es\/articles\/9219967-contacte-con-la-agencia-tributaria-para-enviar-el-anexo-de-declaracion+\">proceso<\/a> .<\/p>\n\n\n\n<p>\u00a1Enhorabuena! Ya has terminado de completar las casillas de la renta cripto este 2025.<\/p>\n\n\n\n<h3 class=\"wp-block-heading\" id=\"h-haz-la-declaracion-en-criptomonedas-rapidamente-con-waltio\" id=\"haz-la-declaracion-en-criptomonedas-rapidamente-con-waltio\">Haz la declaraci\u00f3n en criptomonedas r\u00e1pidamente con Waltio<\/h3>\n\n\n\n<p>Como habr\u00e1s podido observar a lo largo de esta gu\u00eda, necesitar\u00e1s bastantes datos para informar a Hacienda de tus criptomonedas. Por lo tanto, es posible que cometas alg\u00fan error.<\/p>\n\n\n\n<p>En <strong>Waltio<\/strong>, ayudamos a los usuarios en su <a href=\"http:\/\/tax.waltio.com\">declaraci\u00f3n de la renta<\/a> desde 2019. Registr\u00e1ndose en nuestra plataforma, podr\u00e1s sincronizar tus wallets y  exchanges. La plataforma cuenta con herramientas que te gu\u00edan desde el principio hasta la validaci\u00f3n de tu declaraci\u00f3n. <br><br>Si te creas un usuario las primeras 50 transacciones son gratuitas y adem\u00e1s podr\u00e1s acceder a un <a href=\"https:\/\/www.waltio.com\/es\/white-paper-fiscalidad-cripto\/\">ebook<\/a> con toda la informaci\u00f3n necesaria para declarar criptomonedas en Espa\u00f1a este 2025.<\/p>\n\n\n\n<figure class=\"wp-block-image size-full\"><img decoding=\"async\" width=\"1512\" height=\"982\" src=\"https:\/\/www.waltio.com\/es\/wp-content\/uploads\/sites\/3\/2025\/03\/ES.png\" alt=\"\" class=\"wp-image-1881\" srcset=\"https:\/\/www.waltio.com\/es\/wp-content\/uploads\/sites\/3\/2025\/03\/ES.png 1512w, https:\/\/www.waltio.com\/es\/wp-content\/uploads\/sites\/3\/2025\/03\/ES-300x195.png 300w, https:\/\/www.waltio.com\/es\/wp-content\/uploads\/sites\/3\/2025\/03\/ES-1024x665.png 1024w, https:\/\/www.waltio.com\/es\/wp-content\/uploads\/sites\/3\/2025\/03\/ES-768x499.png 768w\" sizes=\"(max-width: 1512px) 100vw, 1512px\" \/><\/figure>\n\n\n\n<script type=\"application\/ld+json\">\n\t{\n\t\t\"@context\": \"https:\/\/schema.org\",\n\t\t\"@type\": \"FAQPage\",\n\t\t\"mainEntity\": [\n\t\t\t\t\t{\n\t\t\t\t\"@type\": \"Question\",\n\t\t\t\t\"name\": \"\u00bfCu\u00e1les son mis obligaciones fiscales si tengo criptomonedas? \",\n\t\t\t\t\"acceptedAnswer\": {\n\t\t\t\t\t\"@type\": \"Answer\",\n\t\t\t\t\t\"text\": \"<p>En Espa\u00f1a&nbsp;<strong>todas las operaciones<\/strong>&nbsp;en criptoactivos son imponibles. Pueden desencadenar la tributaci\u00f3n:<\/p><ul><li>La recepci\u00f3n de criptomonedas<\/li><li>La transferencia de criptomonedas.<\/li><\/ul><p>Si quieres saber m\u00e1s acerca de c\u00f3mo funciona la tributaci\u00f3n en criptomonedas dir\u00edjase a este<a> art\u00edculo<\/a><\/p>\"\n\t\t\t\t\t\t\t\t\t}\n\t\t\t}\n\t\t\t,\t\t\t\t{\n\t\t\t\t\"@type\": \"Question\",\n\t\t\t\t\"name\": \"\u00bfC\u00f3mo declarar p\u00e9rdidas en criptomonedas? \",\n\t\t\t\t\"acceptedAnswer\": {\n\t\t\t\t\t\"@type\": \"Answer\",\n\t\t\t\t\t\"text\": \"<p>Si ha recibido p\u00e9rdidas, estafas o quiebras procedentes de Ganancias y P\u00e9rdidas no relacionadas con la Transmisi\u00f3n Patrimonial.<br><br>Vaya a la secci\u00f3n <strong>F1<\/strong>  y despu\u00e9s a \\\"Otras ganancias y p\u00e9rdidas patrimoniales que no derivan de la transmisi\u00f3n de elementos patrimoniales\\\".<\/p><p>Indica tus ganancias en la <strong>casilla [0304] <\/strong>y tus p\u00e9rdidas en la casilla<strong> [0305].<\/strong><\/p>\"\n\t\t\t\t\t\t\t\t\t}\n\t\t\t}\n\t\t\t,\t\t\t\t{\n\t\t\t\t\"@type\": \"Question\",\n\t\t\t\t\"name\": \"\u00bfTengo que declarar mis criptomonedas por un Airdrop? \",\n\t\t\t\t\"acceptedAnswer\": {\n\t\t\t\t\t\"@type\": \"Answer\",\n\t\t\t\t\t\"text\": \"<p>Si, se tratar\u00eda de los rendimientos del trabajo personal, entre los que se incluyen:  actividades comerciales realizadas por cuenta de terceros (Airdrops) e ingresos obtenidos en juegos online, \\\" Play-to-earn\u201d;<br><br>Se declarar\u00eda al precio de la criptomoneda en el momento de recepci\u00f3n.<\/p>\"\n\t\t\t\t\t\t\t\t\t}\n\t\t\t}\n\t\t\t,\t\t\t\t{\n\t\t\t\t\"@type\": \"Question\",\n\t\t\t\t\"name\": \"\u00bfTengo que declarar mi salario en criptomonedas ? \",\n\t\t\t\t\"acceptedAnswer\": {\n\t\t\t\t\t\"@type\": \"Answer\",\n\t\t\t\t\t\"text\": \"<p>Si has percibido rendimientos del trabajo, dir\u00edgete al apartado <strong>\u00abA. Rendimientos del trabajo\u00bb<\/strong> y declara en la <strong>casilla [004]<\/strong> el importe total de los rendimientos del trabajo percibidos durante el ejercicio fiscal en curso.<\/p>\"\n\t\t\t\t\t\t\t\t\t}\n\t\t\t}\n\t\t\t,\t\t\t\t{\n\t\t\t\t\"@type\": \"Question\",\n\t\t\t\t\"name\": \"\u00bfTengo que declarar mis ingresos por miner\u00eda de criptomonedas ? \",\n\t\t\t\t\"acceptedAnswer\": {\n\t\t\t\t\t\"@type\": \"Answer\",\n\t\t\t\t\t\"text\": \"<p>Si, si has percibido rendimientos del capital mobiliario --que son los rendimientos de stacking, de miner\u00eda y pools de liquidez-- ve a la secci\u00f3n B \\\"Rendimientos del capital mobiliario\\\" y luego a \\\"Rendimientos del capital mobiliario a integrar en la base imponible del ahorro\\\".<\/p>\"\n\t\t\t\t\t\t\t\t\t}\n\t\t\t}\n\t\t\t,\t\t\t\t{\n\t\t\t\t\"@type\": \"Question\",\n\t\t\t\t\"name\": \"\u00bfQu\u00e9 criptomonedas tengo que declarar? \",\n\t\t\t\t\"acceptedAnswer\": {\n\t\t\t\t\t\"@type\": \"Answer\",\n\t\t\t\t\t\"text\": \"<p>Todas las ganancias y p\u00e9rdidas relacionadas con una transferencia de activos son imponibles en Espa\u00f1a. Esto incluye todas las transacciones de cripto a cripto o de cripto a euros o de cripto a un bien o servicio.<\/p>\"\n\t\t\t\t\t\t\t\t\t}\n\t\t\t}\n\t\t\t\t\t\t]\n\t}\n<\/script>\n","protected":false},"excerpt":{"rendered":"<p>Si has operado con criptomonedas, es probable que las tengas que declarar impuestos en el IRPF de este 2026. Encontrar las casillas de Hacienda puede ser complicado, por ello, aqu\u00ed tienes un paso por paso para que puedas informar sobre tus criptos f\u00e1cilmente. \u00bfCu\u00e1les son mis obligaciones fiscales si tengo criptomonedas? En Espa\u00f1a&nbsp;todas las operaciones&nbsp;en [&hellip;]<\/p>\n","protected":false},"author":25,"featured_media":2484,"parent":0,"menu_order":0,"comment_status":"closed","ping_status":"closed","template":"page-templates\/template-page-simple.php","meta":{"_acf_changed":false,"inline_featured_image":false,"footnotes":""},"class_list":["post-888","page","type-page","status-publish","has-post-thumbnail","hentry"],"acf":[],"_links":{"self":[{"href":"https:\/\/www.waltio.com\/es\/wp-json\/wp\/v2\/pages\/888","targetHints":{"allow":["GET"]}}],"collection":[{"href":"https:\/\/www.waltio.com\/es\/wp-json\/wp\/v2\/pages"}],"about":[{"href":"https:\/\/www.waltio.com\/es\/wp-json\/wp\/v2\/types\/page"}],"author":[{"embeddable":true,"href":"https:\/\/www.waltio.com\/es\/wp-json\/wp\/v2\/users\/25"}],"replies":[{"embeddable":true,"href":"https:\/\/www.waltio.com\/es\/wp-json\/wp\/v2\/comments?post=888"}],"version-history":[{"count":44,"href":"https:\/\/www.waltio.com\/es\/wp-json\/wp\/v2\/pages\/888\/revisions"}],"predecessor-version":[{"id":3316,"href":"https:\/\/www.waltio.com\/es\/wp-json\/wp\/v2\/pages\/888\/revisions\/3316"}],"wp:featuredmedia":[{"embeddable":true,"href":"https:\/\/www.waltio.com\/es\/wp-json\/wp\/v2\/media\/2484"}],"wp:attachment":[{"href":"https:\/\/www.waltio.com\/es\/wp-json\/wp\/v2\/media?parent=888"}],"curies":[{"name":"wp","href":"https:\/\/api.w.org\/{rel}","templated":true}]}}