{"id":895,"date":"2026-04-09T19:26:38","date_gmt":"2026-04-09T17:26:38","guid":{"rendered":"https:\/\/www.waltio.com\/es\/?page_id=895"},"modified":"2026-04-10T20:08:22","modified_gmt":"2026-04-10T18:08:22","slug":"multas-por-no-declarar-criptomonedas","status":"publish","type":"page","link":"https:\/\/www.waltio.com\/es\/multas-por-no-declarar-criptomonedas\/","title":{"rendered":"No declarar tus criptomonedas: \u00bfCu\u00e1les son los riesgos?"},"content":{"rendered":"\n<ul class=\"wp-block-list\">\n<li><a href=\"#h-como-sabe-hacienda-que-tengo-criptomonedas\">\u00bfC\u00f3mo sabe Hacienda que tengo Criptomonedas?<\/a><\/li>\n\n\n\n<li><a href=\"#h-sanciones-por-no-declarar-criptomonedas\">Sanciones por no declarar criptomonedas<\/a><\/li>\n\n\n\n<li><a href=\"#h-el-derecho-a-error-al-declarar-criptomonedas\">El derecho a error al declarar criptomonedas<\/a><\/li>\n\n\n\n<li><a href=\"#h-declara-tus-criptomonedas-facil-y-rapido\">Declara tus criptomonedas f\u00e1cil y r\u00e1pido<\/a><\/li>\n<\/ul>\n\n\n\n<h2 class=\"wp-block-heading\" id=\"h-no-te-conozco-pero-estoy-seguro-de-que-alguna-vez-te-has-preguntado-que-pasaria-si-no-declaro-mis-criptomonedas-nbsp\">No te conozco, pero estoy seguro de que alguna vez te has preguntado, \u00bfqu\u00e9 pasar\u00eda si no declaro mis criptomonedas?&nbsp;<\/h2>\n\n\n\n<p>Puede que pienses que es imposible que lleguen a pillarte , pero lamento ser yo quien te diga que la realidad es otra. En el momento que Hacienda detecte alguna omisi\u00f3n en tus declaraciones fiscales, va a requerir explicaciones. Y ya te adelanto que recibir un toque de atenci\u00f3n de este tipo, no es para nada agradable. En este art\u00edculo, te detallar\u00e9 los riesgos por no declarar criptomonedas.<\/p>\n\n\n\n<h3 class=\"wp-block-heading\" id=\"h-como-sabe-hacienda-que-tengo-criptomonedas\" id=\"como-sabe-hacienda-que-tengo-criptomonedas\">\u00bfC\u00f3mo sabe Hacienda que tengo Criptomonedas?<\/h3>\n\n\n\n<p>A partir de 2023 todos los exchanges registrados en Espa\u00f1a, como pueden ser <strong>Binance o Bit2Me<\/strong>, tienen la obligaci\u00f3n de presentar el<strong>modelo 172 y 173<\/strong>. En este informar\u00e1n de todas las transacciones de criptomonedas de sus usuarios a Hacienda.<br><br>Adem\u00e1s gracias a la puesta en rigor del reglamento <a href=\"https:\/\/www.waltio.com\/es\/blog\/noticias\/reglamento-mica-que-impacto-tendra-sobre-las-criptomonedas\/\">MiCA<\/a> en Europa este 2024 la Agencia Tributaria tendr\u00e1 acceso a los datos de aquellos exchanges extranjeros situados en la regi\u00f3n. Tambi\u00e9n la <a href=\"https:\/\/www.waltio.com\/es\/blog\/fiscalidad\/afectara-la-travel-rule-a-los-poseedores-de-criptomonedas\/\">Travel Rule<\/a> permitir\u00e1 obtener una mayor informaci\u00f3n acerca de los movimientos en wallets auto custodia. <br><br>Esto simplemente es el inicio puesto que la implementaci\u00f3n de la <a href=\"https:\/\/www.waltio.com\/es\/blog\/fiscalidad\/llega-la-dac8-y-el-fin-del-anonimato-cripto\/\">DAC8<\/a> en 2026 permitir\u00e1 a Hacienda obtener informaci\u00f3n de operativas en a\u00f1os previos. Por lo que es conveniente tener todo en regla sobretodo desde 2022.<\/p>\n\n\n\n<p>Gracias a esta informaci\u00f3n y a la herramienta <strong>ChainAnalysis<\/strong>, Hacienda puede realizar investigaciones con profundidad para aquellos casos con especial relevancia. Recordemos que tiene 4 a\u00f1os para poder hacer una inspecci\u00f3n antes de que prescriba.<\/p>\n\n\n\n<h4 class=\"wp-block-heading\" id=\"h-sanciones-por-presentacion-extemporanea-nbsp-de-la-declaracion-cripto\"><strong>Sanciones por presentaci\u00f3n extempor\u00e1nea<\/strong>&nbsp;de la declaraci\u00f3n cripto<\/h4>\n\n\n\n<p>El plazo para presentar la declaraci\u00f3n del IRPF en 2025 es del 2 de Abril al 1 de Julio. Presentar la declaraci\u00f3n fuera de plazo puede incurrir multas dependiendo si ha habido requerimiento o no.<\/p>\n\n\n\n<ul class=\"wp-block-list\">\n<li><strong>Sin requerimiento previo<\/strong>: Durante las primeras semanas Hacienda suele ser permisiva. Pero ya pasado meses se aplicar\u00e1 un recargo del\u00a0<strong>1% por cada mes completo de retraso<\/strong>\u00a0hasta los 12 meses. Pasado este tiempo, el recargo puede llegar a ser del 15% m\u00e1s intereses de demora. \u200b<\/li>\n\n\n\n<li><strong>Con requerimiento previo<\/strong>: En caso de haber recibido una notificaci\u00f3n por parte de la Agencia Tributaria las sanciones pueden oscilar entre el\u00a0<strong>50% y el 150%<\/strong>\u00a0del importe a pagar, dependiendo del tiempo de retraso y del perjuicio econ\u00f3mico causado.<\/li>\n<\/ul>\n\n\n\n<h4 class=\"wp-block-heading\" id=\"h-multas-en-la-declaracion-del-modelo-721\"><strong>Multas en la Declaraci\u00f3n del Modelo 721<\/strong><\/h4>\n\n\n\n<p>Para aquellos que tienen criptomonedas valoradas en m\u00e1s de 50.000 euros en el extranjero, la presentaci\u00f3n del&nbsp;<a href=\"https:\/\/www.waltio.com\/es\/blog\/fiscalidad\/que-es-modelo-721\/\">Modelo 721<\/a>&nbsp;es obligatoria. Debe presentarse antes del 31 de Marzo aunque al ser un modelo informativo Hacienda suele ser permisivo con los plazos.<br><br>No presentar este modelo incurre en una multa base de 300\u20ac si la administraci\u00f3n requiere la declaraci\u00f3n, y 150\u20ac por presentar informaci\u00f3n de forma incorrecta. Adicionalmente, se aplicar\u00e1n sanciones de 20\u20ac por cada dato no declarado o requerido y 10\u20ac por errores en los datos suministrados. Pudiendo llegar a multas por un valor de&nbsp;<strong>m\u00e1s de 20.000\u20ac<\/strong>.<\/p>\n\n\n\n<figure class=\"wp-block-image\"><a href=\"https:\/\/waltio.app.link\/waltio-smart-redirection\" target=\"_blank\" rel=\"noreferrer noopener\"><img decoding=\"async\" src=\"https:\/\/www.waltio.com\/es\/wp-content\/uploads\/sites\/3\/2026\/03\/Gemini_Generated_Image_pwfo4qpwfo4qpwfo-scaled-e1773856752361-1024x288.png\" alt=\"Impuestos cripto Waltio\" \/><\/a><\/figure>\n\n\n\n<h3 class=\"wp-block-heading\" id=\"h-el-derecho-a-error-al-declarar-criptomonedas\" id=\"el-derecho-a-error-al-declarar-criptomonedas\"><strong>El derecho a error al declarar criptomonedas<\/strong><\/h3>\n\n\n\n<p>Esta aproximaci\u00f3n reconoce que las personas pueden cometer errores honestos en la gesti\u00f3n de sus obligaciones. Es importante destacar que el \u00abderecho al error\u00bb no es una excusa universal para evitar responsabilidades fiscales y no necesariamente exime de una penalizaci\u00f3n.<\/p>\n\n\n\n<ul class=\"wp-block-list\">\n<li><strong>Rectificaci\u00f3n sin penalizaciones inmediatas<\/strong>: Si un contribuyente se da cuenta de que no declar\u00f3 sus criptomonedas por un\u00a0<strong>error honesto<\/strong>\u00a0y procede a rectificar su declaraci\u00f3n antes de que Hacienda inicie una inspecci\u00f3n, es posible que pueda evitar sanciones o que estas sean m\u00e1s leves.<\/li>\n\n\n\n<li><strong>Cooperaci\u00f3n con las autoridades fiscales<\/strong>: La clave del\u00a0<strong>derecho al error\u00a0<\/strong>es la transparencia y la cooperaci\u00f3n con las autoridades fiscales. Un contribuyente que se acerca proactivamente a las para corregir un error muestra buena fe, lo que puede influir favorablemente en el tratamiento de su caso.<\/li>\n\n\n\n<li><strong>Circunstancias atenuantes<\/strong>: Al evaluar posibles sanciones, Hacienda puede considerar si el error fue un caso aislado o parte de un patr\u00f3n de comportamiento negligente.<\/li>\n<\/ul>\n\n\n\n<h3 class=\"wp-block-heading\" id=\"h-declara-tus-criptomonedas-facil-y-rapido\" id=\"declara-tus-criptomonedas-facil-y-rapido\">Declara tus criptomonedas f\u00e1cil y r\u00e1pido<\/h3>\n\n\n\n<p>Para prevenir cualquier tipo de conflicto de los que hemos estado comentando, ser\u00e1 recomendable utilizar un<a href=\"https:\/\/www.waltio.com\/es\/\">\u00a0software de asistencia para la declaraci\u00f3n<\/a>, como la proporcionada por Waltio.<\/p>\n\n\n\n<p>Este agregador de transacciones que te ayudar\u00e1 a realizar la declaraci\u00f3n sobre criptomonedas y evitar potenciales fallos o sanciones. Te proporcionar\u00e1 herramientas que te guir\u00e1n paso por paso para evitar cualquier dolor de cabeza.<br><br>Adem\u00e1s cuenta con +700 integraciones desde blockchains y wallets, hasta exchanges como Binance o Bit2Me. Podr\u00e1s integrar todas tus plataformas y tener tu&nbsp;<a href=\"https:\/\/www.waltio.com\/es\/blog\/gestion-cripto\/como-gestionar-tu-portfolio-criptomonedas\/\">portfolio cripto<\/a>&nbsp;en un solo lugar. Adem\u00e1s podr\u00e1s llevarlo all\u00e1 donde vayas gracias a la nueva app ya disponible.<\/p>\n\n\n\n<p>En caso de una&nbsp;<strong>auditor\u00eda fiscal<\/strong>, Waltio se compromete a suministrar todos los documentos requeridos, facilitando as\u00ed la verificaci\u00f3n de sus declaraciones por parte de las autoridades fiscales de manera eficiente y transparente<\/p>\n\n\n\n<figure class=\"wp-block-image size-full\"><a href=\"https:\/\/waltio.app.link\/waltio-smart-redirection\"><img decoding=\"async\" width=\"748\" height=\"172\" src=\"https:\/\/www.waltio.com\/es\/wp-content\/uploads\/sites\/3\/2025\/03\/Frame-2998-2.png\" alt=\"declarar impuestos cripto\" class=\"wp-image-2023\" srcset=\"https:\/\/www.waltio.com\/es\/wp-content\/uploads\/sites\/3\/2025\/03\/Frame-2998-2.png 748w, https:\/\/www.waltio.com\/es\/wp-content\/uploads\/sites\/3\/2025\/03\/Frame-2998-2-300x69.png 300w\" sizes=\"(max-width: 748px) 100vw, 748px\" \/><\/a><\/figure>\n","protected":false},"excerpt":{"rendered":"<p>No te conozco, pero estoy seguro de que alguna vez te has preguntado, \u00bfqu\u00e9 pasar\u00eda si no declaro mis criptomonedas?&nbsp; Puede que pienses que es imposible que lleguen a pillarte , pero lamento ser yo quien te diga que la realidad es otra. En el momento que Hacienda detecte alguna omisi\u00f3n en tus declaraciones fiscales, [&hellip;]<\/p>\n","protected":false},"author":25,"featured_media":950,"parent":0,"menu_order":0,"comment_status":"closed","ping_status":"closed","template":"page-templates\/template-page-simple.php","meta":{"_acf_changed":false,"inline_featured_image":false,"footnotes":""},"class_list":["post-895","page","type-page","status-publish","has-post-thumbnail","hentry"],"acf":[],"_links":{"self":[{"href":"https:\/\/www.waltio.com\/es\/wp-json\/wp\/v2\/pages\/895","targetHints":{"allow":["GET"]}}],"collection":[{"href":"https:\/\/www.waltio.com\/es\/wp-json\/wp\/v2\/pages"}],"about":[{"href":"https:\/\/www.waltio.com\/es\/wp-json\/wp\/v2\/types\/page"}],"author":[{"embeddable":true,"href":"https:\/\/www.waltio.com\/es\/wp-json\/wp\/v2\/users\/25"}],"replies":[{"embeddable":true,"href":"https:\/\/www.waltio.com\/es\/wp-json\/wp\/v2\/comments?post=895"}],"version-history":[{"count":23,"href":"https:\/\/www.waltio.com\/es\/wp-json\/wp\/v2\/pages\/895\/revisions"}],"predecessor-version":[{"id":3346,"href":"https:\/\/www.waltio.com\/es\/wp-json\/wp\/v2\/pages\/895\/revisions\/3346"}],"wp:featuredmedia":[{"embeddable":true,"href":"https:\/\/www.waltio.com\/es\/wp-json\/wp\/v2\/media\/950"}],"wp:attachment":[{"href":"https:\/\/www.waltio.com\/es\/wp-json\/wp\/v2\/media?parent=895"}],"curies":[{"name":"wp","href":"https:\/\/api.w.org\/{rel}","templated":true}]}}