{"id":9619,"date":"2026-02-16T11:52:50","date_gmt":"2026-02-16T10:52:50","guid":{"rendered":"https:\/\/www.waltio.com\/fr\/?page_id=9619"},"modified":"2026-03-24T16:05:13","modified_gmt":"2026-03-24T15:05:13","slug":"comment-declarer-crypto","status":"publish","type":"page","link":"https:\/\/www.waltio.com\/fr\/comment-declarer-crypto\/","title":{"rendered":"Imp\u00f4ts 2026 : Comment d\u00e9clarer ses cryptomonnaies sur impots.gouv.fr ?"},"content":{"rendered":"\n<ul class=\"wp-block-list\">\n<li><a href=\"#h-quelles-sont-les-obligations-fiscales-liees-aux-cryptomonnaies\">Quelles sont les obligations fiscales li\u00e9es aux cryptomonnaies ?<\/a><\/li>\n\n\n\n<li><a href=\"#h-comment-remplir-la-declaration-de-compte-detenus-a-l-etranger-formulaire-3916\">Comment remplir la d\u00e9claration de compte d\u00e9tenus \u00e0 l&rsquo;\u00e9tranger (Formulaire 3916) ?<\/a><\/li>\n\n\n\n<li><a href=\"#h-comment-declarer-vos-cessions-imposables-de-cryptomonnaies-cerfa-2086\">Comment d\u00e9clarer vos cessions imposables de cryptomonnaies (Cerfa 2086) ?<\/a><\/li>\n<\/ul>\n\n\n\n<h2 class=\"wp-block-heading\" id=\"h-en-tant-que-proprietaires-d-actifs-numeriques-deux-obligations-fiscales-s-imposent-a-vous-la-declaration-de-comptes-d-actifs-numeriques-detenus-a-l-etranger-cerfa-3916bis-et-la-declaration-des-cessions-imposables-cerfa-2086-voyons-ensemble-comment-remplir-votre-declaration-fiscale-de-cryptomonnaies-sur-le-site-des-impots\">En tant que propri\u00e9taires d&rsquo;actifs num\u00e9riques, deux obligations fiscales s&rsquo;imposent \u00e0 vous : la d\u00e9claration de comptes d&rsquo;actifs num\u00e9riques d\u00e9tenus \u00e0 l&rsquo;\u00e9tranger (Cerfa 3916bis) et la d\u00e9claration des cessions imposables (Cerfa 2086). Voyons ensemble comment remplir votre d\u00e9claration fiscale de cryptomonnaies sur le site des imp\u00f4ts. <\/h2>\n\n\n\n\n\n<div style=\"height:47px\" aria-hidden=\"true\" class=\"wp-block-spacer\"><\/div>\n\n\n\n<h3 class=\"wp-block-heading\" id=\"h-quelles-sont-les-obligations-fiscales-liees-aux-cryptomonnaies\" id=\"quelles-sont-les-obligations-fiscales-liees-aux-cryptomonnaies\">Quelles sont <a href=\"https:\/\/www.waltio.com\/fr\/tout-savoir-sur-la-fiscalite-crypto\/\">les obligations fiscales li\u00e9es aux cryptomonnaies<\/a> ? <\/h3>\n\n\n\n<p class=\"has-medium-font-size\">En France, il existe deux obligations d\u00e9claratives \u00e0 remplir sur le site de l&rsquo;administration fiscale : <\/p>\n\n\n\n<ul class=\"wp-block-list\">\n<li>La d\u00e9claration de comptes d\u00e9tenus \u00e0 l&rsquo;\u00e9tranger <\/li>\n\n\n\n<li>La d\u00e9claration des op\u00e9rations imposables<\/li>\n<\/ul>\n\n\n\n<p>Ces obligations fiscales doivent \u00eatre compl\u00e9t\u00e9es sur <a href=\"https:\/\/www.impots.gouv.fr\/accueil\" target=\"_blank\" rel=\"noreferrer noopener\">https:\/\/www.impots.gouv.fr\/<\/a>. <\/p>\n\n\n\n<div style=\"height:50px\" aria-hidden=\"true\" class=\"wp-block-spacer\"><\/div>\n\n\n\n<h3 class=\"wp-block-heading\" id=\"h-comment-remplir-la-declaration-de-compte-detenus-a-l-etranger-formulaire-3916\" id=\"comment-remplir-la-declaration-de-compte-detenus-a-letranger-formulaire-3916\">Comment remplir la d\u00e9claration de compte d\u00e9tenus \u00e0 l&rsquo;\u00e9tranger (Formulaire 3916) ?<\/h3>\n\n\n\n<p>La loi fran\u00e7aise oblige \u00e0 d\u00e9clarer tous les comptes ouverts, utilis\u00e9s ou clos <strong>durant l\u2019ann\u00e9e 202<\/strong>5. Ainsi, <strong>un compte ouvert apr\u00e8s le premier janvier 2026 est exclu<\/strong> du champ d\u2019application de la loi, pour la campagne de d\u00e9claration de revenus de 2025. Il devra cependant \u00eatre d\u00e9clar\u00e9 l&rsquo;an prochain.<\/p>\n\n\n\n<p>L\u00e9galement, l&rsquo;obligation de d\u00e9clarer un compte d&rsquo;actifs num\u00e9riques d\u00e9tenu, ouvert, clos et utilis\u00e9 \u00e0 l&rsquo;\u00e9tranger durant l&rsquo;ann\u00e9e fiscale concern\u00e9e s&rsquo;applique aux comptes dits d\u00e9positaires ou <em>custodials<\/em>. Cela signifie que seules plateformes d&rsquo;\u00e9change qui sont propri\u00e9taires de vos fonds, sont \u00e0 d\u00e9clarer (Bitget par exemple). Si vous d\u00e9tenez la cl\u00e9 priv\u00e9e pour l&rsquo;acc\u00e8s \u00e0 votre compte, comme sur une Ledger, vous n&rsquo;avez pas besoin de les d\u00e9clarer dans le formulaire 3916-bis car ces comptes sont consid\u00e9r\u00e9s comme <em>non-custodials<\/em>. <\/p>\n\n\n\n<h4 class=\"wp-block-heading\" id=\"h-si-vous-avez-deja-declare-vos-comptes-detenus-a-l-etranger-l-an-dernier\"><strong>\u25b6\ufe0f Si vous avez d\u00e9j\u00e0 d\u00e9clar\u00e9 vos comptes d\u00e9tenus \u00e0 l&rsquo;\u00e9tranger l&rsquo;an dernier <\/strong><\/h4>\n\n\n\n<p>En cas de d\u00e9clarations de comptes d\u00e9tenus \u00e0 l&rsquo;\u00e9tranger via le formulaire 3916-3916-BIS r\u00e9alis\u00e9es l&rsquo;ann\u00e9e pr\u00e9c\u00e9dente, celles-ci sont d\u00e9j\u00e0 pr\u00e9-enregistr\u00e9es.<\/p>\n\n\n\n<figure class=\"wp-block-image size-large\"><img decoding=\"async\" width=\"1709\" height=\"1307\" src=\"https:\/\/www.waltio.com\/fr\/wp-content\/uploads\/sites\/2\/2024\/03\/declaration-comptes-etranger-edited.png\" alt=\"3916bis report \" class=\"wp-image-9622\" title=\"3916bis-report\" srcset=\"https:\/\/www.waltio.com\/fr\/wp-content\/uploads\/sites\/2\/2024\/03\/declaration-comptes-etranger-edited.png 1709w, https:\/\/www.waltio.com\/fr\/wp-content\/uploads\/sites\/2\/2024\/03\/declaration-comptes-etranger-edited-300x229.png 300w, https:\/\/www.waltio.com\/fr\/wp-content\/uploads\/sites\/2\/2024\/03\/declaration-comptes-etranger-edited-1024x783.png 1024w, https:\/\/www.waltio.com\/fr\/wp-content\/uploads\/sites\/2\/2024\/03\/declaration-comptes-etranger-edited-768x587.png 768w, https:\/\/www.waltio.com\/fr\/wp-content\/uploads\/sites\/2\/2024\/03\/declaration-comptes-etranger-edited-1536x1175.png 1536w\" sizes=\"(max-width: 1709px) 100vw, 1709px\" \/><\/figure>\n\n\n\n<h4 class=\"wp-block-heading\" id=\"h-si-vous-n-avez-jamais-declare-vos-comptes-detenus-a-l-etranger-l-an-dernier\"><strong>\u25b6\ufe0f Si vous n&rsquo;avez jamais d\u00e9clar\u00e9 vos comptes d\u00e9tenus \u00e0 l&rsquo;\u00e9tranger l&rsquo;an dernier <\/strong><\/h4>\n\n\n\n<p>Dans votre annexe de d\u00e9claration 3916 bis, il vous faudra tout d&rsquo;abord renseigner vos informations personnelles. Puis dans <strong>le cadre 2 \u00ab\u00a0Nature du Compte\u00a0\u00bb<\/strong>, cochez la case \u00ab\u00a0<strong>Comptes d&rsquo;actifs num\u00e9riques\u00a0\u00bb<\/strong>. <\/p>\n\n\n\n<figure class=\"wp-block-image size-large\"><img decoding=\"async\" width=\"1024\" height=\"191\" src=\"https:\/\/www.waltio.com\/fr\/wp-content\/uploads\/sites\/2\/2024\/03\/3916-1024x191.png\" alt=\"d\u00e9claration de comptes d'actifs num\u00e9riques&quot; \" class=\"wp-image-9623\" srcset=\"https:\/\/www.waltio.com\/fr\/wp-content\/uploads\/sites\/2\/2024\/03\/3916-1024x191.png 1024w, https:\/\/www.waltio.com\/fr\/wp-content\/uploads\/sites\/2\/2024\/03\/3916-300x56.png 300w, https:\/\/www.waltio.com\/fr\/wp-content\/uploads\/sites\/2\/2024\/03\/3916-768x143.png 768w, https:\/\/www.waltio.com\/fr\/wp-content\/uploads\/sites\/2\/2024\/03\/3916.png 1520w\" sizes=\"(max-width: 1024px) 100vw, 1024px\" \/><\/figure>\n\n\n\n<p>Dans <strong>le cadre 3 \u00ab\u00a0Informations relatives au compte d&rsquo;actifs num\u00e9riques ouvert, d\u00e9tenu, utilis\u00e9 ou clos \u00e0 l&rsquo;\u00e9tranger\u00a0\u00bb<\/strong>, il vous faudra compl\u00e9ter les informations suivantes : <\/p>\n\n\n\n<ul class=\"wp-block-list\">\n<li>Num\u00e9ro du compte \/ adresse mail de connexion.<\/li>\n\n\n\n<li>Date d\u2019ouverture du compte.<\/li>\n\n\n\n<li>Date de fermeture du compte (si fermeture de celui-ci).<\/li>\n\n\n\n<li>D\u00e9signation de l\u2019organisme gestionnaire du compte.<\/li>\n\n\n\n<li>Adresse de l\u2019organisme gestionnaire du compte (Pays, compl\u00e9ment d\u2019adresse, rue, indicatif pays, code postal et ville).<\/li>\n\n\n\n<li>URL du site internet de l\u2019organisme gestionnaire du compte.<\/li>\n<\/ul>\n\n\n\n<p>\ud83d\udca1 Waltio vous fournit gratuitement les formulaires pr\u00e9-remplis afin d&rsquo;obtenir les bonnes informations concernant vos exchanges \u00e0 d\u00e9clarer dans le Cerfa 3916bis. <\/p>\n\n\n\n<figure class=\"wp-block-image size-large\"><img decoding=\"async\" width=\"1024\" height=\"310\" src=\"https:\/\/www.waltio.com\/fr\/wp-content\/uploads\/sites\/2\/2024\/03\/declaration-exchange-1024x310.png\" alt=\"d\u00e9claration de comptes d\u00e9tenus \u00e0 l'\u00e9tranger \" class=\"wp-image-9624\" title=\"d\u00e9claration comptes d\u00e9tenus \u00e9tranger \" srcset=\"https:\/\/www.waltio.com\/fr\/wp-content\/uploads\/sites\/2\/2024\/03\/declaration-exchange-1024x310.png 1024w, https:\/\/www.waltio.com\/fr\/wp-content\/uploads\/sites\/2\/2024\/03\/declaration-exchange-300x91.png 300w, https:\/\/www.waltio.com\/fr\/wp-content\/uploads\/sites\/2\/2024\/03\/declaration-exchange-768x232.png 768w, https:\/\/www.waltio.com\/fr\/wp-content\/uploads\/sites\/2\/2024\/03\/declaration-exchange.png 1296w\" sizes=\"(max-width: 1024px) 100vw, 1024px\" \/><\/figure>\n\n\n\n<p>Enfin, il est important de noter que m\u00eame si une plateforme poss\u00e8de un enregistrement PSAN, il est possible de devoir la d\u00e9clarer. En effet, \u00e0 partir du moment o\u00f9 les fonds sont d\u00e9tenus dans un compte situ\u00e9 \u00e0 l&rsquo;\u00e9tranger, il faut le d\u00e9clarer, m\u00eame si la plateforme a obtenu un enregistrement PSAN aupr\u00e8s de l&rsquo;AMF. Dans le doute, si votre organisme est pr\u00e9sent dans le menu d\u00e9roulant, vous devez le d\u00e9clarer.<\/p>\n\n\n\n<p><strong>\ud83d\udc49<\/strong> <strong>D\u00e9couvrez le tutoriel complet pour <a href=\"https:\/\/www.waltio.com\/fr\/blog\/fiscalite\/remplir-formulaire-3916-bis\/\" target=\"_blank\" rel=\"noreferrer noopener\">remplir le Cerfa 3916bis<\/a><\/strong><\/p>\n\n\n\n<figure class=\"wp-block-image size-large\"><a href=\"https:\/\/waltio.app.link\/waltio-smart-redirection\" target=\"_blank\" rel=\"noreferrer noopener\"><img decoding=\"async\" width=\"1024\" height=\"185\" src=\"https:\/\/www.waltio.com\/fr\/wp-content\/uploads\/sites\/2\/2024\/02\/Frame-2996-2-1024x185.png\" alt=\"CTA account\" class=\"wp-image-9559\" srcset=\"https:\/\/www.waltio.com\/fr\/wp-content\/uploads\/sites\/2\/2024\/02\/Frame-2996-2-1024x185.png 1024w, https:\/\/www.waltio.com\/fr\/wp-content\/uploads\/sites\/2\/2024\/02\/Frame-2996-2-300x54.png 300w, https:\/\/www.waltio.com\/fr\/wp-content\/uploads\/sites\/2\/2024\/02\/Frame-2996-2-768x139.png 768w, https:\/\/www.waltio.com\/fr\/wp-content\/uploads\/sites\/2\/2024\/02\/Frame-2996-2-1536x277.png 1536w, https:\/\/www.waltio.com\/fr\/wp-content\/uploads\/sites\/2\/2024\/02\/Frame-2996-2-2048x370.png 2048w\" sizes=\"(max-width: 1024px) 100vw, 1024px\" \/><\/a><\/figure>\n\n\n\n<div style=\"height:50px\" aria-hidden=\"true\" class=\"wp-block-spacer\"><\/div>\n\n\n\n<h3 class=\"wp-block-heading\" id=\"h-comment-declarer-vos-cessions-imposables-de-cryptomonnaies-cerfa-2086\" id=\"comment-declarer-vos-cessions-imposables-de-cryptomonnaies-cerfa-2086\">Comment d\u00e9clarer vos cessions imposables de cryptomonnaies (Cerfa 2086) ? <\/h3>\n\n\n\n<p>L&rsquo;annexe de d\u00e9claration 2086 est le formulaire de l&rsquo;administration fiscale que vous devez remplir pour d\u00e9clarer vos transactions imposables. <br><br>Pour remplir facilement votre formulaire 2086, rendez-vous sur votre espace de d\u00e9claration en ligne&nbsp;<a href=\"https:\/\/www.impots.gouv.fr\/accueil\" target=\"_blank\" rel=\"noreferrer noopener\">impots.gouv.<\/a>&nbsp;Une fois sur votre compte, cliquez sur \u00ab acc\u00e9der \u00e0 la d\u00e9claration en ligne \u00bb et puis cliquez sur l&rsquo;annexe de d\u00e9claration 2086. <\/p>\n\n\n\n<figure class=\"wp-block-image size-large\"><img decoding=\"async\" width=\"1024\" height=\"962\" src=\"https:\/\/www.waltio.com\/fr\/wp-content\/uploads\/sites\/2\/2024\/03\/2086-1024x962.png\" alt=\"\" class=\"wp-image-9625\" srcset=\"https:\/\/www.waltio.com\/fr\/wp-content\/uploads\/sites\/2\/2024\/03\/2086-1024x962.png 1024w, https:\/\/www.waltio.com\/fr\/wp-content\/uploads\/sites\/2\/2024\/03\/2086-300x282.png 300w, https:\/\/www.waltio.com\/fr\/wp-content\/uploads\/sites\/2\/2024\/03\/2086-768x721.png 768w, https:\/\/www.waltio.com\/fr\/wp-content\/uploads\/sites\/2\/2024\/03\/2086.png 1416w\" sizes=\"(max-width: 1024px) 100vw, 1024px\" \/><\/figure>\n\n\n\n<p>Il vous faudra ensuite indiquer le nombre de cessions imposables effectuer lors de l&rsquo;exercice fiscal, puis compl\u00e9ter les informations suivantes pour chaque cession imposable : <\/p>\n\n\n\n<ul class=\"wp-block-list\">\n<li>date de cession <\/li>\n\n\n\n<li>Valeur globale de portefeuille au moment de la cession <\/li>\n\n\n\n<li>prix de cession <\/li>\n\n\n\n<li>frais de cession<\/li>\n\n\n\n<li>prix d&rsquo;acquisition <\/li>\n\n\n\n<li>valeur des plus ou moins-values <\/li>\n<\/ul>\n\n\n\n<figure class=\"wp-block-image size-large\"><img decoding=\"async\" width=\"1024\" height=\"653\" src=\"https:\/\/www.waltio.com\/fr\/wp-content\/uploads\/sites\/2\/2024\/03\/2086-cessions-1024x653.png\" alt=\"annexe 2086\" class=\"wp-image-9626\" title=\"formulaire 2086\" srcset=\"https:\/\/www.waltio.com\/fr\/wp-content\/uploads\/sites\/2\/2024\/03\/2086-cessions-1024x653.png 1024w, https:\/\/www.waltio.com\/fr\/wp-content\/uploads\/sites\/2\/2024\/03\/2086-cessions-300x191.png 300w, https:\/\/www.waltio.com\/fr\/wp-content\/uploads\/sites\/2\/2024\/03\/2086-cessions-768x490.png 768w, https:\/\/www.waltio.com\/fr\/wp-content\/uploads\/sites\/2\/2024\/03\/2086-cessions-1536x980.png 1536w, https:\/\/www.waltio.com\/fr\/wp-content\/uploads\/sites\/2\/2024\/03\/2086-cessions.png 1944w\" sizes=\"(max-width: 1024px) 100vw, 1024px\" \/><\/figure>\n\n\n\n<p>Pour remplir cette partie, il vous faudra au-pr\u00e9alable identifier toutes vos cessions imposables et effectuer le calcul de plus-values pour chacune d&rsquo;entre-elles. Waltio peut vous aider en vous fournissant tous les documents vous permettant de d\u00e9clarer simplement gr\u00e2ce au rapport fiscal et l&rsquo;annexe de d\u00e9claration fournie par Waltio.<\/p>\n\n\n\n<figure class=\"wp-block-image size-large\"><img decoding=\"async\" width=\"1024\" height=\"867\" src=\"https:\/\/www.waltio.com\/fr\/wp-content\/uploads\/sites\/2\/2024\/03\/annexe-de-declaration-waltio-1024x867.png\" alt=\"annexe de d\u00e9claration annuelle de plus values crypto fournie par waltio \" class=\"wp-image-9627\" srcset=\"https:\/\/www.waltio.com\/fr\/wp-content\/uploads\/sites\/2\/2024\/03\/annexe-de-declaration-waltio-1024x867.png 1024w, https:\/\/www.waltio.com\/fr\/wp-content\/uploads\/sites\/2\/2024\/03\/annexe-de-declaration-waltio-300x254.png 300w, https:\/\/www.waltio.com\/fr\/wp-content\/uploads\/sites\/2\/2024\/03\/annexe-de-declaration-waltio-768x650.png 768w, https:\/\/www.waltio.com\/fr\/wp-content\/uploads\/sites\/2\/2024\/03\/annexe-de-declaration-waltio-1536x1300.png 1536w, https:\/\/www.waltio.com\/fr\/wp-content\/uploads\/sites\/2\/2024\/03\/annexe-de-declaration-waltio.png 1730w\" sizes=\"(max-width: 1024px) 100vw, 1024px\" \/><\/figure>\n\n\n\n<p>\ud83d\udca1 Si vous t\u00e9l\u00e9d\u00e9clarez via votre espace en ligne, votre plus ou moins-value globale sera <strong>report\u00e9e automatiquement sur votre d\u00e9claration de revenu<\/strong>. Pour v\u00e9rifier que le report ait bien \u00e9t\u00e9 effectu\u00e9, il vous suffit de revenir sur votre d\u00e9claration principale de revenu et de v\u00e9rifier la case 3AN ou 3BN. En cas de moins-value, la case 3BN sera compl\u00e9t\u00e9e.<\/p>\n\n\n\n<p><strong>\ud83d\udc49<\/strong> <strong>D\u00e9couvrez le tutoriel complet pour <\/strong><a href=\"https:\/\/www.waltio.com\/fr\/blog\/fiscalite\/formulaire-2086\/\" target=\"_blank\" rel=\"noreferrer noopener\"><strong>remplir le formulaire <\/strong>2086<\/a><\/p>\n\n\n\n<p><\/p>\n\n\n\n<p>Voil\u00e0, vous savez d\u00e9sormais comment remplir votre d\u00e9claration fiscale de cryptomonnaies sur le site des imp\u00f4ts. Waltio vous accompagne dans <a href=\"https:\/\/www.waltio.com\/fr\/comment-calculer-impots-crypto\/\" target=\"_blank\" rel=\"noreferrer noopener\">le calcul de votre impot crypto<\/a> et vous aide \u00e0 d\u00e9clarer sur votre espace de d\u00e9claration en ligne gr\u00e2ce \u00e0 un guide qui vous accompagne pas \u00e0 pas dans vos d\u00e9marches. <\/p>\n\n\n\n<figure class=\"wp-block-image size-large\"><a href=\"https:\/\/waltio.app.link\/waltio-smart-redirection\" target=\"_blank\" rel=\"noreferrer noopener\"><img decoding=\"async\" width=\"1024\" height=\"236\" src=\"https:\/\/www.waltio.com\/fr\/wp-content\/uploads\/sites\/2\/2024\/02\/Frame-2996-3-1024x236.png\" alt=\"essayez gratuitement waltio\" class=\"wp-image-9561\" srcset=\"https:\/\/www.waltio.com\/fr\/wp-content\/uploads\/sites\/2\/2024\/02\/Frame-2996-3-1024x236.png 1024w, https:\/\/www.waltio.com\/fr\/wp-content\/uploads\/sites\/2\/2024\/02\/Frame-2996-3-300x69.png 300w, https:\/\/www.waltio.com\/fr\/wp-content\/uploads\/sites\/2\/2024\/02\/Frame-2996-3-768x177.png 768w, https:\/\/www.waltio.com\/fr\/wp-content\/uploads\/sites\/2\/2024\/02\/Frame-2996-3-1536x353.png 1536w, https:\/\/www.waltio.com\/fr\/wp-content\/uploads\/sites\/2\/2024\/02\/Frame-2996-3-2048x471.png 2048w\" sizes=\"(max-width: 1024px) 100vw, 1024px\" \/><\/a><\/figure>\n\n\n\n<script type=\"application\/ld+json\">\n\t{\n\t\t\"@context\": \"https:\/\/schema.org\",\n\t\t\"@type\": \"FAQPage\",\n\t\t\"mainEntity\": [\n\t\t\t\t\t{\n\t\t\t\t\"@type\": \"Question\",\n\t\t\t\t\"name\": \"Quelles sont mes obligations fiscales li\u00e9es aux cryptomonnaies ? \",\n\t\t\t\t\"acceptedAnswer\": {\n\t\t\t\t\t\"@type\": \"Answer\",\n\t\t\t\t\t\"text\": \"<p>En France, il existe deux obligations d\u00e9claratives \u00e0 remplir sur le site de l'administration fiscale : <\/p><ul><li>La d\u00e9claration de comptes d\u00e9tenus \u00e0 l'\u00e9tranger <\/li><li>La d\u00e9claration des op\u00e9rations imposables<\/li><\/ul><p>Ces obligations fiscales doivent \u00eatre compl\u00e9t\u00e9es sur <a>https:\/\/www.impots.gouv.fr\/<\/a>. <\/p>\"\n\t\t\t\t\t\t\t\t\t}\n\t\t\t}\n\t\t\t,\t\t\t\t{\n\t\t\t\t\"@type\": \"Question\",\n\t\t\t\t\"name\": \"Qu'est ce que le formulaire 3916 ou 3916bis ? \",\n\t\t\t\t\"acceptedAnswer\": {\n\t\t\t\t\t\"@type\": \"Answer\",\n\t\t\t\t\t\"text\": \"<p>La loi fran\u00e7aise oblige \u00e0 d\u00e9clarer tous les comptes ouverts, utilis\u00e9s ou clos <strong>durant l\u2019ann\u00e9e 202<\/strong>5 dans le formulaire 3916. Ainsi, <strong>un compte ouvert apr\u00e8s le premier janvier 2026 est exclu<\/strong> du champ d\u2019application de la loi, pour la campagne de d\u00e9claration de revenus de 2025. Il devra cependant \u00eatre d\u00e9clar\u00e9 l'an prochain.<\/p>\"\n\t\t\t\t\t\t\t\t\t}\n\t\t\t}\n\t\t\t,\t\t\t\t{\n\t\t\t\t\"@type\": \"Question\",\n\t\t\t\t\"name\": \"Quelles informations fournir pour remplir le formulaire 3916 ? \",\n\t\t\t\t\"acceptedAnswer\": {\n\t\t\t\t\t\"@type\": \"Answer\",\n\t\t\t\t\t\"text\": \"<p>Il vous faudra fournir les \u00e9l\u00e9ments suivants : <\/p><ul><li>Num\u00e9ro du compte \/ adresse mail de connexion.<\/li><li>Date d\u2019ouverture du compte.<\/li><li>Date de fermeture du compte (si fermeture de celui-ci).<\/li><li>D\u00e9signation de l\u2019organisme gestionnaire du compte.<\/li><li>Adresse de l\u2019organisme gestionnaire du compte (Pays, compl\u00e9ment d\u2019adresse, rue, indicatif pays, code postal et ville).<\/li><li>URL du site internet de l\u2019organisme gestionnaire du compte.<\/li><\/ul>\"\n\t\t\t\t\t\t\t\t\t}\n\t\t\t}\n\t\t\t,\t\t\t\t{\n\t\t\t\t\"@type\": \"Question\",\n\t\t\t\t\"name\": \"Comment trouver les informations \u00e0 fournir dans le formulaire 3916 ? \",\n\t\t\t\t\"acceptedAnswer\": {\n\t\t\t\t\t\"@type\": \"Answer\",\n\t\t\t\t\t\"text\": \"<p>Waltio vous fournit gratuitement les informations relatives au formulaire 3916bis pour plus de 70 exchanges. <\/p>\"\n\t\t\t\t\t\t\t\t\t}\n\t\t\t}\n\t\t\t,\t\t\t\t{\n\t\t\t\t\"@type\": \"Question\",\n\t\t\t\t\"name\": \"Qu'est ce que le formulaire 2086 ? \",\n\t\t\t\t\"acceptedAnswer\": {\n\t\t\t\t\t\"@type\": \"Answer\",\n\t\t\t\t\t\"text\": \"<p>L'annexe de d\u00e9claration 2086 est le formulaire de l'administration fiscale que vous devez remplir pour d\u00e9clarer vos transactions imposables.<\/p>\"\n\t\t\t\t\t\t\t\t\t}\n\t\t\t}\n\t\t\t,\t\t\t\t{\n\t\t\t\t\"@type\": \"Question\",\n\t\t\t\t\"name\": \"Quelles informations fournir dans le formulaire 2086 ? \",\n\t\t\t\t\"acceptedAnswer\": {\n\t\t\t\t\t\"@type\": \"Answer\",\n\t\t\t\t\t\"text\": \"<p>Pour chaque cession, il vous faudra fournir <\/p><ul><li>date de cession <\/li><li>Valeur globale de portefeuille au moment de la cession <\/li><li>prix de cession <\/li><li>frais de cession<\/li><li>prix d'acquisition <\/li><li>valeur des plus ou moins-values <\/li><\/ul>\"\n\t\t\t\t\t\t\t\t\t}\n\t\t\t}\n\t\t\t\t\t\t]\n\t}\n<\/script>\n\n\n\n<p><\/p>\n","protected":false},"excerpt":{"rendered":"<p>En tant que propri\u00e9taires d&rsquo;actifs num\u00e9riques, deux obligations fiscales s&rsquo;imposent \u00e0 vous : la d\u00e9claration de comptes d&rsquo;actifs num\u00e9riques d\u00e9tenus \u00e0 l&rsquo;\u00e9tranger (Cerfa 3916bis) et la d\u00e9claration des cessions imposables (Cerfa 2086). Voyons ensemble comment remplir votre d\u00e9claration fiscale de cryptomonnaies sur le site des imp\u00f4ts. Quelles sont les obligations fiscales li\u00e9es aux cryptomonnaies ? [&hellip;]<\/p>\n","protected":false},"author":18,"featured_media":11576,"parent":0,"menu_order":0,"comment_status":"closed","ping_status":"closed","template":"page-templates\/template-page-simple.php","meta":{"_acf_changed":false,"inline_featured_image":false,"footnotes":""},"class_list":["post-9619","page","type-page","status-publish","has-post-thumbnail","hentry"],"acf":[],"_links":{"self":[{"href":"https:\/\/www.waltio.com\/fr\/wp-json\/wp\/v2\/pages\/9619","targetHints":{"allow":["GET"]}}],"collection":[{"href":"https:\/\/www.waltio.com\/fr\/wp-json\/wp\/v2\/pages"}],"about":[{"href":"https:\/\/www.waltio.com\/fr\/wp-json\/wp\/v2\/types\/page"}],"author":[{"embeddable":true,"href":"https:\/\/www.waltio.com\/fr\/wp-json\/wp\/v2\/users\/18"}],"replies":[{"embeddable":true,"href":"https:\/\/www.waltio.com\/fr\/wp-json\/wp\/v2\/comments?post=9619"}],"version-history":[{"count":19,"href":"https:\/\/www.waltio.com\/fr\/wp-json\/wp\/v2\/pages\/9619\/revisions"}],"predecessor-version":[{"id":11695,"href":"https:\/\/www.waltio.com\/fr\/wp-json\/wp\/v2\/pages\/9619\/revisions\/11695"}],"wp:featuredmedia":[{"embeddable":true,"href":"https:\/\/www.waltio.com\/fr\/wp-json\/wp\/v2\/media\/11576"}],"wp:attachment":[{"href":"https:\/\/www.waltio.com\/fr\/wp-json\/wp\/v2\/media?parent=9619"}],"curies":[{"name":"wp","href":"https:\/\/api.w.org\/{rel}","templated":true}]}}